{"id":17098,"date":"2022-03-14T13:39:50","date_gmt":"2022-03-14T20:39:50","guid":{"rendered":"https:\/\/pcvwh.ca\/ressources-logement\/"},"modified":"2022-12-15T17:29:45","modified_gmt":"2022-12-16T01:29:45","slug":"ressources-logement","status":"publish","type":"page","link":"https:\/\/pcvwh.ca\/fr\/ressources-logement\/","title":{"rendered":"Ressources Logement"},"content":{"rendered":"<div class=\"media-text-section break-out  img-align-left img-outside-container lgpadding has-white-background-color\">\n            <div class=\"media-text-section-row row justify-center\">\n            <div class=\"media-col col-12 col-lg-6\">\n                <img decoding=\"async\" src=\"https:\/\/pcvwh.ca\/wp-content\/uploads\/MW_2-copy.jpg\" alt=\"\">\n            <\/div>\n            <div class=\"text-col col-12 col-lg-6\" data-aos=\"fade-left\" >\n                \n\n<h1 class=\"h2 has-purple-color has-text-color wp-block-heading\">Acc\u00e8s au logement, aux refuges et aux programmes de placement s\u00e9curis\u00e9<\/h1>\n\n\n\n<h5 class=\"has-blacktint-color has-text-color wp-block-heading\">Trouvez des ressources utiles pour acc\u00e9der \u00e0 un logement temporaire pour femmes pour vousm\u00eame et votre famille.<\/h5>\n\n\n            <\/div>\n        <\/div>\n    <\/div>\n\n\n","protected":false},"excerpt":{"rendered":"","protected":false},"author":12,"featured_media":16812,"parent":0,"menu_order":0,"comment_status":"closed","ping_status":"closed","template":"resources.php","meta":{"_acf_changed":false,"footnotes":""},"class_list":["post-17098","page","type-page","status-publish","has-post-thumbnail","hentry"],"acf":[],"_links":{"self":[{"href":"https:\/\/pcvwh.ca\/fr\/wp-json\/wp\/v2\/pages\/17098","targetHints":{"allow":["GET"]}}],"collection":[{"href":"https:\/\/pcvwh.ca\/fr\/wp-json\/wp\/v2\/pages"}],"about":[{"href":"https:\/\/pcvwh.ca\/fr\/wp-json\/wp\/v2\/types\/page"}],"author":[{"embeddable":true,"href":"https:\/\/pcvwh.ca\/fr\/wp-json\/wp\/v2\/users\/12"}],"replies":[{"embeddable":true,"href":"https:\/\/pcvwh.ca\/fr\/wp-json\/wp\/v2\/comments?post=17098"}],"version-history":[{"count":3,"href":"https:\/\/pcvwh.ca\/fr\/wp-json\/wp\/v2\/pages\/17098\/revisions"}],"predecessor-version":[{"id":17101,"href":"https:\/\/pcvwh.ca\/fr\/wp-json\/wp\/v2\/pages\/17098\/revisions\/17101"}],"wp:featuredmedia":[{"embeddable":true,"href":"https:\/\/pcvwh.ca\/fr\/wp-json\/wp\/v2\/media\/16812"}],"wp:attachment":[{"href":"https:\/\/pcvwh.ca\/fr\/wp-json\/wp\/v2\/media?parent=17098"}],"curies":[{"name":"wp","href":"https:\/\/api.w.org\/{rel}","templated":true}]}}