{"id":16954,"date":"2022-03-10T13:32:47","date_gmt":"2022-03-10T21:32:47","guid":{"rendered":"https:\/\/pcvwh.ca\/symposium-inscription\/"},"modified":"2022-11-23T14:41:36","modified_gmt":"2022-11-23T22:41:36","slug":"symposium-inscription","status":"publish","type":"page","link":"https:\/\/pcvwh.ca\/fr\/symposium\/symposium-inscription\/","title":{"rendered":"Symposium Inscription"},"content":{"rendered":"\n<div class=\"wp-block-group lgpadding\"><div class=\"wp-block-group__inner-container is-layout-flow wp-block-group-is-layout-flow\">\n<h1 class=\"has-text-align-center data-aos_fade-up aos-animate has-purple-color has-text-color wp-block-heading\">Inscrivez-vous \u00e0 notre \u00e9v\u00e9nement<\/h1>\n\n\n\n<p class=\"has-text-align-center h5 data-aos_fade-up aos-animate has-blacktint-color has-text-color\" class=\"opener\">Parlons femmes et logement est un symposium annuel qui r\u00e9unit des femmes de tous les coins du Canada pour des discussions ax\u00e9es sur des solutions politiques dans une optique intersectionnelle et inclusive afin de faire du logement des femmes une priorit\u00e9. <\/p>\n\n\n\n<p class=\"has-text-align-center h5 data-aos_fade-up aos-animate has-blacktint-color has-text-color\">Notre \u00e9v\u00e9nement de 2022 se termine. Restez \u00e0 l\u2019\u00e9coute pour savoir quand notre formulaire d\u2019inscription de 2023 sera disponible.<\/p>\n\n\n\n<div style=\"height:25px\" aria-hidden=\"true\" class=\"wp-block-spacer\"><\/div>\n\n\n\n<p class=\"has-text-align-center data-aos_fade-up aos-animate has-blacktint-color has-text-color\">Veuillez adresser toutes vos questions \u00e0 notre coordinatrice de projet, Rachel Timbalian, \u00e0 <a href=\"mailto:symposium@atira.bc.ca\">symposium@atira.bc.ca<\/a><\/p>\n<\/div><\/div>\n","protected":false},"excerpt":{"rendered":"<p>Parlons femmes et logement est un symposium annuel qui r\u00e9unit des femmes de tous les coins du Canada pour des discussions ax\u00e9es sur des solutions politiques dans une optique intersectionnelle et inclusive afin de faire du logement des femmes une priorit\u00e9. Notre \u00e9v\u00e9nement de 2022 se termine. Restez \u00e0 l\u2019\u00e9coute pour savoir quand notre formulaire&hellip;<\/p>\n","protected":false},"author":12,"featured_media":16812,"parent":16898,"menu_order":0,"comment_status":"closed","ping_status":"closed","template":"","meta":{"_acf_changed":false,"footnotes":""},"class_list":["post-16954","page","type-page","status-publish","has-post-thumbnail","hentry"],"acf":[],"_links":{"self":[{"href":"https:\/\/pcvwh.ca\/fr\/wp-json\/wp\/v2\/pages\/16954","targetHints":{"allow":["GET"]}}],"collection":[{"href":"https:\/\/pcvwh.ca\/fr\/wp-json\/wp\/v2\/pages"}],"about":[{"href":"https:\/\/pcvwh.ca\/fr\/wp-json\/wp\/v2\/types\/page"}],"author":[{"embeddable":true,"href":"https:\/\/pcvwh.ca\/fr\/wp-json\/wp\/v2\/users\/12"}],"replies":[{"embeddable":true,"href":"https:\/\/pcvwh.ca\/fr\/wp-json\/wp\/v2\/comments?post=16954"}],"version-history":[{"count":2,"href":"https:\/\/pcvwh.ca\/fr\/wp-json\/wp\/v2\/pages\/16954\/revisions"}],"predecessor-version":[{"id":17053,"href":"https:\/\/pcvwh.ca\/fr\/wp-json\/wp\/v2\/pages\/16954\/revisions\/17053"}],"up":[{"embeddable":true,"href":"https:\/\/pcvwh.ca\/fr\/wp-json\/wp\/v2\/pages\/16898"}],"wp:featuredmedia":[{"embeddable":true,"href":"https:\/\/pcvwh.ca\/fr\/wp-json\/wp\/v2\/media\/16812"}],"wp:attachment":[{"href":"https:\/\/pcvwh.ca\/fr\/wp-json\/wp\/v2\/media?parent=16954"}],"curies":[{"name":"wp","href":"https:\/\/api.w.org\/{rel}","templated":true}]}}