{"id":16952,"date":"2022-03-14T11:04:30","date_gmt":"2022-03-14T18:04:30","guid":{"rendered":"https:\/\/pcvwh.ca\/cercle-consultatif\/"},"modified":"2022-10-26T14:51:15","modified_gmt":"2022-10-26T21:51:15","slug":"cercle-consultatif","status":"publish","type":"page","link":"https:\/\/pcvwh.ca\/fr\/cercle-consultatif\/","title":{"rendered":"Cercle Consultatif"},"content":{"rendered":"\n<div class=\"wp-block-group lgmargin\"><div class=\"wp-block-group__inner-container is-layout-flow wp-block-group-is-layout-flow\">\n<div class=\"wp-block-group max900\"><div class=\"wp-block-group__inner-container is-layout-flow wp-block-group-is-layout-flow\"><div class=\"media-text-section break-out  img-align-left img-outside-container lgpadding has-white-background-color\">\n            <div class=\"media-text-section-row row justify-center\">\n            <div class=\"media-col col-12 col-lg-6\">\n                <img decoding=\"async\" src=\"https:\/\/pcvwh.ca\/wp-content\/uploads\/IMG_9811-copy.jpg\" alt=\"\">\n            <\/div>\n            <div class=\"text-col col-12 col-lg-6\" data-aos=\"fade-left\" >\n                \n\n<h1 class=\"has-text-align-left data-aos_fade-up aos-animate h2 has-purple-color has-text-color wp-block-heading\">Voici les femmes qui contribuent au changement<\/h1>\n\n\n\n<p class=\"has-text-align-left h5 data-aos_fade-up aos-animate has-blacktint-color has-text-color\" class=\"opener\">Notre cercle consultatif est compos\u00e9 de 15 individus puissants, y compris des femmes, personnes transgenres qui s&#8217;identifient comme femmes, cis, bi-spirituels et individus non binaires. Ces personnes ont milit\u00e9 sans rel\u00e2che pour le changement et ont apport\u00e9 une contribution importante \u00e0 l\u2019\u00e9tat du logement des femmes au Canada. <\/p>\n\n\n\n\n\n\n            <\/div>\n        <\/div>\n    <\/div>\n<\/div><\/div>\n\n\n\n<div style=\"height:30px\" aria-hidden=\"true\" class=\"wp-block-spacer\"><\/div>\n\n\n\n    <div class=\"highlight-boxes row-num-3\">\n\n                    <div class=\"highlight-box\" data-aos=\"fade-up\" data-aos-delay=\"0\">\n                                    <div class=\"hb-title-section\">\n                \n                                                                <h3 class=\"hb-title  \">\n                            Annetta Armstrong                        <\/h3>\n                    \n                                    <\/div>\n                \n                                    <p class=\"hb-text\">\n                        Indigenous Women\u2019s Healing Centre (IWHC) <br \/>\nWinnipeg, Man.                    <\/p>\n                \n            <\/div>\n\n\n            <!--  -->\n\n                    <div class=\"highlight-box\" data-aos=\"fade-up\" data-aos-delay=\"200\">\n                                    <div class=\"hb-title-section\">\n                \n                                                                <h3 class=\"hb-title  \">\n                            Arita Atwal                        <\/h3>\n                    \n                                    <\/div>\n                \n                                    <p class=\"hb-text\">\n                        Atira Women\u2019s Resource Society<br \/>\nVancouver, C.-B                    <\/p>\n                \n            <\/div>\n\n\n            <!--  -->\n\n                    <div class=\"highlight-box\" data-aos=\"fade-up\" data-aos-delay=\"400\">\n                                    <div class=\"hb-title-section\">\n                \n                                                                <h3 class=\"hb-title  \">\n                            Chevi Rabbit                        <\/h3>\n                    \n                                    <\/div>\n                \n                                    <p class=\"hb-text\">\n                        D\u00e9fenseuse de la communaut\u00e9<br \/>\nEdmonton, Alb.                     <\/p>\n                \n            <\/div>\n\n\n            <!--  -->\n\n                    <div class=\"highlight-box\" data-aos=\"fade-up\" data-aos-delay=\"0\">\n                                    <div class=\"hb-title-section\">\n                \n                                                                <h3 class=\"hb-title  \">\n                            Cindy Chiasson                        <\/h3>\n                    \n                                    <\/div>\n                \n                                    <p class=\"hb-text\">\n                        Yukon Women&#8217;s Transition Home Society<br \/>\nWhitehorse, Yn.                    <\/p>\n                \n            <\/div>\n\n\n            <!--  -->\n\n                    <div class=\"highlight-box\" data-aos=\"fade-up\" data-aos-delay=\"200\">\n                                    <div class=\"hb-title-section\">\n                \n                                                                <h3 class=\"hb-title  \">\n                            Dolly Williams                        <\/h3>\n                    \n                                    <\/div>\n                \n                                    <p class=\"hb-text\">\n                        Preston &amp; Area Housing Fund<br \/>\nHalifax, N.-\u00c9.                    <\/p>\n                \n            <\/div>\n\n\n            <!--  -->\n\n                    <div class=\"highlight-box\" data-aos=\"fade-up\" data-aos-delay=\"400\">\n                                    <div class=\"hb-title-section\">\n                \n                                                                <h3 class=\"hb-title  \">\n                            Hajar Masoud                        <\/h3>\n                    \n                                    <\/div>\n                \n                                    <p class=\"hb-text\">\n                        Atira Women\u2019s Resource Society<br \/>\nVancouver, C.-B                    <\/p>\n                \n            <\/div>\n\n\n            <!--  -->\n\n                    <div class=\"highlight-box\" data-aos=\"fade-up\" data-aos-delay=\"0\">\n                                    <div class=\"hb-title-section\">\n                \n                                                                <h3 class=\"hb-title  \">\n                            Janice Abbott                         <\/h3>\n                    \n                                    <\/div>\n                \n                                    <p class=\"hb-text\">\n                        Atira Women\u2019s Resource Society<br \/>\nVancouver, C.-B                    <\/p>\n                \n            <\/div>\n\n\n            <!--  -->\n\n                    <div class=\"highlight-box\" data-aos=\"fade-up\" data-aos-delay=\"200\">\n                                    <div class=\"hb-title-section\">\n                \n                                                                <h3 class=\"hb-title  \">\n                            Janine Olifie-Harvey                        <\/h3>\n                    \n                                    <\/div>\n                \n                                    <p class=\"hb-text\">\n                        D\u00e9fenseuse de la communaut\u00e9<br \/>\nUlukhaktok, T.N.-O.                    <\/p>\n                \n            <\/div>\n\n\n            <!--  -->\n\n                    <div class=\"highlight-box\" data-aos=\"fade-up\" data-aos-delay=\"400\">\n                                    <div class=\"hb-title-section\">\n                \n                                                                <h3 class=\"hb-title  \">\n                            Jewelles Smith                        <\/h3>\n                    \n                                    <\/div>\n                \n                                    <p class=\"hb-text\">\n                        Council of Canadians with Disabilities<br \/>\nVancouver, C.-B                    <\/p>\n                \n            <\/div>\n\n\n            <!--  -->\n\n                    <div class=\"highlight-box\" data-aos=\"fade-up\" data-aos-delay=\"0\">\n                                    <div class=\"hb-title-section\">\n                \n                                                                <h3 class=\"hb-title  \">\n                            Lori Deets                        <\/h3>\n                    \n                                    <\/div>\n                \n                                    <p class=\"hb-text\">\n                        Wakamow Aboriginal Community Association<br \/>\nMoose Jaw, Sask.                    <\/p>\n                \n            <\/div>\n\n\n            <!--  -->\n\n                    <div class=\"highlight-box\" data-aos=\"fade-up\" data-aos-delay=\"200\">\n                                    <div class=\"hb-title-section\">\n                \n                                                                <h3 class=\"hb-title  \">\n                            Nat Pace                        <\/h3>\n                    \n                                    <\/div>\n                \n                                    <p class=\"hb-text\">\n                        Canadian Network of Community Land Trusts<br \/>\nMontreal, Qc                    <\/p>\n                \n            <\/div>\n\n\n            <!--  -->\n\n        \n    <\/div>\n\n\n\n<div style=\"height:30px\" aria-hidden=\"true\" class=\"wp-block-spacer\"><\/div>\n\n\n\n<p class=\"has-text-align-center data-aos_fade-up aos-animate has-blacktint-color has-text-color\"><em>Remarque : Notre cercle consultatif est nomm\u00e9 \u00e0 la fin de chaque symposium.<\/em><\/p>\n\n\n\n<div style=\"height:30px\" aria-hidden=\"true\" class=\"wp-block-spacer\"><\/div>\n\n\n\n<div class=\"wp-block-buttons data-aos_fade-up aos-animate is-horizontal is-content-justification-center is-layout-flex wp-container-core-buttons-is-layout-499968f5 wp-block-buttons-is-layout-flex\">\n<div class=\"wp-block-button is-style-outline is-style-outline--1\"><a class=\"wp-block-button__link has-green-color has-text-color\" href=\"https:\/\/pcvwh.ca\/fr\/symposium-rapports\/\">Voir le cercle consultatif pr\u00e9c\u00e9dent<\/a><\/div>\n<\/div>\n<\/div><\/div>\n","protected":false},"excerpt":{"rendered":"<p>Notre cercle consultatif est compos\u00e9 de 15 individus puissants, y compris des femmes, personnes transgenres qui s&#8217;identifient comme femmes, cis, bi-spirituels et individus non binaires. Ces personnes ont milit\u00e9 sans rel\u00e2che pour le changement et ont apport\u00e9 une contribution importante \u00e0 l\u2019\u00e9tat du logement des femmes au Canada. Remarque : Notre cercle consultatif est nomm\u00e9&hellip;<\/p>\n","protected":false},"author":12,"featured_media":16812,"parent":0,"menu_order":0,"comment_status":"closed","ping_status":"closed","template":"","meta":{"_acf_changed":false,"footnotes":""},"class_list":["post-16952","page","type-page","status-publish","has-post-thumbnail","hentry"],"acf":[],"_links":{"self":[{"href":"https:\/\/pcvwh.ca\/fr\/wp-json\/wp\/v2\/pages\/16952","targetHints":{"allow":["GET"]}}],"collection":[{"href":"https:\/\/pcvwh.ca\/fr\/wp-json\/wp\/v2\/pages"}],"about":[{"href":"https:\/\/pcvwh.ca\/fr\/wp-json\/wp\/v2\/types\/page"}],"author":[{"embeddable":true,"href":"https:\/\/pcvwh.ca\/fr\/wp-json\/wp\/v2\/users\/12"}],"replies":[{"embeddable":true,"href":"https:\/\/pcvwh.ca\/fr\/wp-json\/wp\/v2\/comments?post=16952"}],"version-history":[{"count":5,"href":"https:\/\/pcvwh.ca\/fr\/wp-json\/wp\/v2\/pages\/16952\/revisions"}],"predecessor-version":[{"id":17024,"href":"https:\/\/pcvwh.ca\/fr\/wp-json\/wp\/v2\/pages\/16952\/revisions\/17024"}],"wp:featuredmedia":[{"embeddable":true,"href":"https:\/\/pcvwh.ca\/fr\/wp-json\/wp\/v2\/media\/16812"}],"wp:attachment":[{"href":"https:\/\/pcvwh.ca\/fr\/wp-json\/wp\/v2\/media?parent=16952"}],"curies":[{"name":"wp","href":"https:\/\/api.w.org\/{rel}","templated":true}]}}