{"id":16944,"date":"2022-03-14T14:48:53","date_gmt":"2022-03-14T21:48:53","guid":{"rendered":"https:\/\/pcvwh.ca\/formation-ressources\/"},"modified":"2022-09-27T15:18:38","modified_gmt":"2022-09-27T22:18:38","slug":"formation-ressources","status":"publish","type":"page","link":"https:\/\/pcvwh.ca\/fr\/formation-ressources\/","title":{"rendered":"Formation Ressources"},"content":{"rendered":"<div class=\"media-text-section break-out  img-align-left img-outside-container lgpadding has-white-background-color\">\n            <div class=\"media-text-section-row row justify-center\">\n            <div class=\"media-col col-12 col-lg-6\">\n                <img decoding=\"async\" src=\"https:\/\/pcvwh.ca\/wp-content\/uploads\/AdobeStock_27185639-copy.jpg\" alt=\"\">\n            <\/div>\n            <div class=\"text-col col-12 col-lg-6\" data-aos=\"fade-left\" >\n                \n\n<h1 class=\"h2 has-purple-color has-text-color wp-block-heading\">Acqu\u00e9rir des outils pour donner une voix aux femmes<\/h1>\n\n\n\n<p class=\"h5 has-blacktint-color has-text-color\" class=\"opener\">Ces modules de formation sont cr\u00e9\u00e9s pour toutes celles qui cherchent des moyens d\u2019inclure les femmes dans leur processus d\u00e9cisionnel. Trouvez des renseignements sur la fa\u00e7on de parler avec des femmes ayant une exp\u00e9rience v\u00e9cue dans le cadre de votre travail (plaidoyer, \u00e9crire du contenu pour les m\u00e9dias ou entrer en contact avec vos repr\u00e9sentants \u00e9lus locaux).<\/p>\n\n\n            <\/div>\n        <\/div>\n    <\/div>\n\n<div class=\"wp-block-group max900 lgmargin\"><div class=\"wp-block-group__inner-container is-layout-flow wp-block-group-is-layout-flow\">\n<h2 class=\"has-text-align-center data-aos_fade-up aos-animate has-green-color has-text-color wp-block-heading\">Inscrivez-vous \u00e0 notre lettre d\u2019information pour recevoir nos modules de formation d\u00e8s qu\u2019ils sont offerts.<\/h2>\n\n\n<div class=\"wpforms-container max750 data-aos_fade-up aos-animate wpforms-block form-center\" id=\"wpforms-16339\"><form id=\"wpforms-form-16339\" class=\"wpforms-validate wpforms-form wpforms-ajax-form\" data-formid=\"16339\" method=\"post\" enctype=\"multipart\/form-data\" action=\"\/fr\/wp-json\/wp\/v2\/pages\/16944\" data-token=\"dd2ef63ec649c969d18d87221d52195a\" data-token-time=\"1775604418\"><noscript class=\"wpforms-error-noscript\">Veuillez activer JavaScript dans votre navigateur pour remplir ce formulaire.<\/noscript><div class=\"wpforms-field-container\"><div id=\"wpforms-16339-field_1-container\" class=\"wpforms-field wpforms-field-email\" data-field-id=\"1\"><label class=\"wpforms-field-label wpforms-label-hide\" for=\"wpforms-16339-field_1\">Email <span class=\"wpforms-required-label\">*<\/span><\/label><input type=\"email\" id=\"wpforms-16339-field_1\" class=\"wpforms-field-large wpforms-field-required\" name=\"wpforms[fields][1]\" placeholder=\"Email\" spellcheck=\"false\" required><\/div><\/div><!-- .wpforms-field-container --><div class=\"wpforms-field wpforms-field-hp\"><label for=\"wpforms-16339-field-hp\" class=\"wpforms-field-label\">Message<\/label><input type=\"text\" name=\"wpforms[hp]\" id=\"wpforms-16339-field-hp\" class=\"wpforms-field-medium\"><\/div><div class=\"wpforms-recaptcha-container wpforms-is-recaptcha wpforms-is-recaptcha-type-invisible\" ><div class=\"g-recaptcha\" data-sitekey=\"6Ldh5lQrAAAAADjekcYXOpdZywSgqKKpoUZKpP13\" data-size=\"invisible\"><\/div><\/div><div class=\"wpforms-submit-container\" ><input type=\"hidden\" name=\"wpforms[id]\" value=\"16339\"><input type=\"hidden\" name=\"page_title\" value=\"\"><input type=\"hidden\" name=\"page_url\" value=\"https:\/\/pcvwh.ca\/fr\/wp-json\/wp\/v2\/pages\/16944\"><input type=\"hidden\" name=\"url_referer\" value=\"\"><button type=\"submit\" name=\"wpforms[submit]\" id=\"wpforms-submit-16339\" class=\"wpforms-submit\" data-alt-text=\"Sending...\" data-submit-text=\"Submit\" aria-live=\"assertive\" value=\"wpforms-submit\">Submit<\/button><img loading=\"lazy\" decoding=\"async\" src=\"https:\/\/pcvwh.ca\/wp-content\/plugins\/wpforms\/assets\/images\/submit-spin.svg\" class=\"wpforms-submit-spinner\" style=\"display: none;\" width=\"26\" height=\"26\" alt=\"Chargement en cours\"><\/div><\/form><\/div>  <!-- .wpforms-container --><\/div><\/div>\n","protected":false},"excerpt":{"rendered":"<p>Ces modules de formation sont cr\u00e9\u00e9s pour toutes celles qui cherchent des moyens d\u2019inclure les femmes dans leur processus d\u00e9cisionnel. Trouvez des renseignements sur la fa\u00e7on de parler avec des femmes ayant une exp\u00e9rience v\u00e9cue dans le cadre de votre travail (plaidoyer, \u00e9crire du contenu pour les m\u00e9dias ou entrer en contact avec vos repr\u00e9sentants&hellip;<\/p>\n","protected":false},"author":12,"featured_media":0,"parent":0,"menu_order":0,"comment_status":"closed","ping_status":"closed","template":"","meta":{"_acf_changed":false,"footnotes":""},"class_list":["post-16944","page","type-page","status-publish","hentry"],"acf":[],"_links":{"self":[{"href":"https:\/\/pcvwh.ca\/fr\/wp-json\/wp\/v2\/pages\/16944","targetHints":{"allow":["GET"]}}],"collection":[{"href":"https:\/\/pcvwh.ca\/fr\/wp-json\/wp\/v2\/pages"}],"about":[{"href":"https:\/\/pcvwh.ca\/fr\/wp-json\/wp\/v2\/types\/page"}],"author":[{"embeddable":true,"href":"https:\/\/pcvwh.ca\/fr\/wp-json\/wp\/v2\/users\/12"}],"replies":[{"embeddable":true,"href":"https:\/\/pcvwh.ca\/fr\/wp-json\/wp\/v2\/comments?post=16944"}],"version-history":[{"count":1,"href":"https:\/\/pcvwh.ca\/fr\/wp-json\/wp\/v2\/pages\/16944\/revisions"}],"predecessor-version":[{"id":16945,"href":"https:\/\/pcvwh.ca\/fr\/wp-json\/wp\/v2\/pages\/16944\/revisions\/16945"}],"wp:attachment":[{"href":"https:\/\/pcvwh.ca\/fr\/wp-json\/wp\/v2\/media?parent=16944"}],"curies":[{"name":"wp","href":"https:\/\/api.w.org\/{rel}","templated":true}]}}