{"id":16938,"date":"2022-03-14T14:32:43","date_gmt":"2022-03-14T21:32:43","guid":{"rendered":"https:\/\/pcvwh.ca\/recherche-ressources\/"},"modified":"2022-12-15T17:31:50","modified_gmt":"2022-12-16T01:31:50","slug":"recherche-ressources","status":"publish","type":"page","link":"https:\/\/pcvwh.ca\/fr\/recherche-ressources\/","title":{"rendered":"Recherche Ressources"},"content":{"rendered":"<div class=\"media-text-section break-out  img-align-left img-outside-container lgpadding has-white-background-color\">\n            <div class=\"media-text-section-row row justify-center\">\n            <div class=\"media-col col-12 col-lg-6\">\n                <img decoding=\"async\" src=\"https:\/\/pcvwh.ca\/wp-content\/uploads\/AdobeStock_82404279-copy.jpg\" alt=\"\">\n            <\/div>\n            <div class=\"text-col col-12 col-lg-6\" data-aos=\"fade-left\" >\n                \n\n<h1 class=\"h2 has-purple-color has-text-color wp-block-heading\">La recherche \u00e9claire les besoins en logement<\/h1>\n\n\n\n<h5 class=\"has-blacktint-color has-text-color wp-block-heading\">Les organisations de femmes au Canada ont men\u00e9 d\u2019importantes recherches sur le logement des femmes. C\u2019est gr\u00e2ce \u00e0 ces recherches que nous sommes en mesure de demander aux d\u00e9cideurs politiques des am\u00e9liorations qui comptent pour les femmes sans abri, celles qui sont log\u00e9es de mani\u00e8re pr\u00e9caire ou qui fuient la violence.<\/h5>\n\n\n            <\/div>\n        <\/div>\n    <\/div>\n","protected":false},"excerpt":{"rendered":"","protected":false},"author":12,"featured_media":16812,"parent":0,"menu_order":0,"comment_status":"closed","ping_status":"closed","template":"resources.php","meta":{"_acf_changed":false,"footnotes":""},"class_list":["post-16938","page","type-page","status-publish","has-post-thumbnail","hentry"],"acf":[],"_links":{"self":[{"href":"https:\/\/pcvwh.ca\/fr\/wp-json\/wp\/v2\/pages\/16938","targetHints":{"allow":["GET"]}}],"collection":[{"href":"https:\/\/pcvwh.ca\/fr\/wp-json\/wp\/v2\/pages"}],"about":[{"href":"https:\/\/pcvwh.ca\/fr\/wp-json\/wp\/v2\/types\/page"}],"author":[{"embeddable":true,"href":"https:\/\/pcvwh.ca\/fr\/wp-json\/wp\/v2\/users\/12"}],"replies":[{"embeddable":true,"href":"https:\/\/pcvwh.ca\/fr\/wp-json\/wp\/v2\/comments?post=16938"}],"version-history":[{"count":5,"href":"https:\/\/pcvwh.ca\/fr\/wp-json\/wp\/v2\/pages\/16938\/revisions"}],"predecessor-version":[{"id":17043,"href":"https:\/\/pcvwh.ca\/fr\/wp-json\/wp\/v2\/pages\/16938\/revisions\/17043"}],"wp:featuredmedia":[{"embeddable":true,"href":"https:\/\/pcvwh.ca\/fr\/wp-json\/wp\/v2\/media\/16812"}],"wp:attachment":[{"href":"https:\/\/pcvwh.ca\/fr\/wp-json\/wp\/v2\/media?parent=16938"}],"curies":[{"name":"wp","href":"https:\/\/api.w.org\/{rel}","templated":true}]}}