{"id":16936,"date":"2023-06-28T10:52:00","date_gmt":"2023-06-28T17:52:00","guid":{"rendered":"https:\/\/pcvwh.ca\/symposium-ordre-du-jour\/"},"modified":"2022-12-06T14:36:05","modified_gmt":"2022-12-06T22:36:05","slug":"symposium-ordre-du-jour","status":"publish","type":"page","link":"https:\/\/pcvwh.ca\/fr\/symposium-ordre-du-jour\/","title":{"rendered":"Symposium Ordre du jour"},"content":{"rendered":"\n<div class=\"wp-block-group lgpadding\"><div class=\"wp-block-group__inner-container is-layout-flow wp-block-group-is-layout-flow\">\n<div class=\"wp-block-group max900\"><div class=\"wp-block-group__inner-container is-layout-flow wp-block-group-is-layout-flow\">\n<h1 class=\"has-text-align-center data-aos_fade-up aos-animate has-purple-color has-text-color wp-block-heading\">Planification<\/h1>\n\n\n\n<p class=\"has-text-align-center h5 data-aos_fade-up aos-animate has-blacktint-color has-text-color\" class=\"opener\">Nous nous f\u00e9licitons de r\u00e9unir des femmes des quatre coins du Canada pour entamer des discussions fructueuses sur les obstacles \u00e0 la recherche d\u2019un logement abordable. Faites d\u00e9filer la page vers le bas pour consulter notre programme de 2022, qui s\u2019\u00e9tend sur cinq jours, ou cliquez sur le lien ci-dessous pour t\u00e9l\u00e9charger une copie compl\u00e8te et d\u00e9taill\u00e9e.<\/p>\n\n\n\n<p class=\"has-text-align-center h5 data-aos_fade-up aos-animate has-blacktint-color has-text-color\">Restez \u00e0 l\u2019\u00e9coute pour obtenir des renseignements sur notre \u00e9v\u00e9nement de 2023. <\/p>\n\n\n<div class=\"wp-bootstrap-blocks-row row g-0\">\n\t\n\n<div class=\"col-12 col-md-12\">\n\t\t\t\n\n<p class=\"has-text-align-center has-blacktint-color has-text-color\"><a href=\"https:\/\/pcvwh.ca\/wp-content\/uploads\/2022-PCVWH-Five-Day-Agenda-Final.pdf\">T\u00e9l\u00e9chargez l\u2019ordre du jour d\u00e9taill\u00e9 des cinq jours du Symposium pancanadien 2022 de la Voix des femmes sur le logement [PDF] [PDF]<\/a><\/p>\n\n\t<\/div>\n\n<\/div>\n<\/div><\/div>\n<\/div><\/div>\n","protected":false},"excerpt":{"rendered":"<p>Nous nous f\u00e9licitons de r\u00e9unir des femmes des quatre coins du Canada pour entamer des discussions fructueuses sur les obstacles \u00e0 la recherche d\u2019un logement abordable. Faites d\u00e9filer la page vers le bas pour consulter notre programme de 2022, qui s\u2019\u00e9tend sur cinq jours, ou cliquez sur le lien ci-dessous pour t\u00e9l\u00e9charger une copie compl\u00e8te&hellip;<\/p>\n","protected":false},"author":12,"featured_media":16812,"parent":0,"menu_order":0,"comment_status":"closed","ping_status":"closed","template":"agenda.php","meta":{"_acf_changed":false,"footnotes":""},"class_list":["post-16936","page","type-page","status-publish","has-post-thumbnail","hentry"],"acf":[],"_links":{"self":[{"href":"https:\/\/pcvwh.ca\/fr\/wp-json\/wp\/v2\/pages\/16936","targetHints":{"allow":["GET"]}}],"collection":[{"href":"https:\/\/pcvwh.ca\/fr\/wp-json\/wp\/v2\/pages"}],"about":[{"href":"https:\/\/pcvwh.ca\/fr\/wp-json\/wp\/v2\/types\/page"}],"author":[{"embeddable":true,"href":"https:\/\/pcvwh.ca\/fr\/wp-json\/wp\/v2\/users\/12"}],"replies":[{"embeddable":true,"href":"https:\/\/pcvwh.ca\/fr\/wp-json\/wp\/v2\/comments?post=16936"}],"version-history":[{"count":3,"href":"https:\/\/pcvwh.ca\/fr\/wp-json\/wp\/v2\/pages\/16936\/revisions"}],"predecessor-version":[{"id":17049,"href":"https:\/\/pcvwh.ca\/fr\/wp-json\/wp\/v2\/pages\/16936\/revisions\/17049"}],"wp:featuredmedia":[{"embeddable":true,"href":"https:\/\/pcvwh.ca\/fr\/wp-json\/wp\/v2\/media\/16812"}],"wp:attachment":[{"href":"https:\/\/pcvwh.ca\/fr\/wp-json\/wp\/v2\/media?parent=16936"}],"curies":[{"name":"wp","href":"https:\/\/api.w.org\/{rel}","templated":true}]}}