{"id":16932,"date":"2022-03-14T08:57:23","date_gmt":"2022-03-14T15:57:23","guid":{"rendered":"https:\/\/pcvwh.ca\/a-quoi-sattendre\/"},"modified":"2022-09-27T14:13:51","modified_gmt":"2022-09-27T21:13:51","slug":"a-quoi-sattendre","status":"publish","type":"page","link":"https:\/\/pcvwh.ca\/fr\/a-quoi-sattendre\/","title":{"rendered":"\u00c0 quoi s&#8217;attendre"},"content":{"rendered":"<div class=\"media-text-section break-out  img-align-left img-outside-container lgpadding has-white-background-color\">\n            <div class=\"media-text-section-row row justify-center\">\n            <div class=\"media-col col-12 col-lg-6\">\n                <img decoding=\"async\" src=\"https:\/\/pcvwh.ca\/wp-content\/uploads\/IMG_9500-copy.jpg\" alt=\"\">\n            <\/div>\n            <div class=\"text-col col-12 col-lg-6\" data-aos=\"fade-left\" >\n                \n\n<h1 class=\"h2 has-purple-color has-text-color wp-block-heading\">Des discussions constructives et de brillantes oratrices<\/h1>\n\n\n\n<h5 class=\"has-blacktint-color has-text-color wp-block-heading\">Le symposium pancanadien Parlons femmes et logement se concentre sur le logement et l\u2019itin\u00e9rance des femmes gr\u00e2ce aux diff\u00e9rents points de vue des femmes qui composent la population diversifi\u00e9e du Canada.<\/h5>\n\n\n\n<p class=\"has-blacktint-color has-text-color\" class=\"opener\">Le symposium offre \u00e0 toutes les femmes la possibilit\u00e9 de parler de leurs exp\u00e9riences et de mener une r\u00e9flexion sur le logement des femmes. Gr\u00e2ce \u00e0 votre contribution, nous formulons des recommandations \u00e0 l\u2019intention des d\u00e9cideurs politiques.<\/p>\n\n\n\n<div class=\"wp-block-buttons is-layout-flex wp-block-buttons-is-layout-flex\">\n<div class=\"wp-block-button is-style-outline is-style-outline--1\"><a class=\"wp-block-button__link has-green-color has-text-color\" href=\"https:\/\/pcvwh.ca\/fr\/symposium-inscription\/\">S&#8217;inscrire<\/a><\/div>\n<\/div>\n\n\n            <\/div>\n        <\/div>\n    <\/div>\n\n<div class=\"wp-block-cover is-light lgpadding break-out\"><span aria-hidden=\"true\" class=\"wp-block-cover__background has-green-background-color has-background-dim-100 has-background-dim\"><\/span><div class=\"wp-block-cover__inner-container is-layout-flow wp-block-cover-is-layout-flow\"><div class=\"wp-bootstrap-blocks-container container mb-2\">\n\t\n\n<h2 class=\"has-text-align-center data-aos_fade-up aos-animate wp-block-heading\">Les participantes sont la cl\u00e9 du succ\u00e8s<\/h2>\n\n\n\n\n\n\n\n\n<\/div>\n<\/div><\/div>\n\n<div class=\"wp-block-cover is-light break-out\"><span aria-hidden=\"true\" class=\"wp-block-cover__background has-purpletint-background-color has-background-dim-100 has-background-dim\"><\/span><div class=\"wp-block-cover__inner-container is-layout-flow wp-block-cover-is-layout-flow\"><div class=\"wp-bootstrap-blocks-container container mb-2\">\n\t\n\n<h2 class=\"has-text-align-center data-aos_fade-up aos-animate has-purple-color has-text-color wp-block-heading\">Dates \u00e0 retenir<\/h2>\n\n\n\n<p class=\"has-text-align-center\">Les 13, 14, 17 18 et 25 octobre<\/p>\n\n<\/div>\n<\/div><\/div>\n\n<div class=\"wp-block-cover is-light break-out\"><span aria-hidden=\"true\" class=\"wp-block-cover__background has-redtint-background-color has-background-dim-100 has-background-dim\"><\/span><div class=\"wp-block-cover__inner-container is-layout-flow wp-block-cover-is-layout-flow\"><div class=\"wp-bootstrap-blocks-container container mb-2\">\n\t\n\n<h2 class=\"has-text-align-center data-aos_fade-up aos-animate has-purple-color has-text-color wp-block-heading\">Lieu<\/h2>\n\n\n\n<p class=\"has-text-align-center data-aos_fade-up aos-animate has-offblack-color has-text-color\">En ligne sur Zoom.<\/p>\n\n<\/div>\n<\/div><\/div>\n\n<div class=\"wp-block-group lgpadding\"><div class=\"wp-block-group__inner-container is-layout-flow wp-block-group-is-layout-flow\">\n<h2 class=\"has-text-align-center data-aos_fade-up aos-animate has-green-color has-text-color wp-block-heading\">Qui devrait y participer<\/h2>\n\n\n\n<div style=\"height:30px\" aria-hidden=\"true\" class=\"wp-block-spacer\"><\/div>\n\n\n\n    <div class=\"highlight-boxes row-num-2\">\n\n                    <div class=\"highlight-box\" data-aos=\"fade-up\" data-aos-delay=\"0\">\n                \n                                        \n                \n                                    <p class=\"hb-text\">\n                        Les femmes qui veulent en savoir plus sur l\u2019\u00e9tat actuel du logement des femmes au Canada.                    <\/p>\n                \n            <\/div>\n\n\n            <!--  -->\n\n                    <div class=\"highlight-box\" data-aos=\"fade-up\" data-aos-delay=\"200\">\n                \n                                        \n                \n                                    <p class=\"hb-text\">\n                        Les femmes qui souhaitent participer \u00e0 une conversation men\u00e9e dans une optique intersectionnelle.                    <\/p>\n                \n            <\/div>\n\n\n            <!--  -->\n\n                    <div class=\"highlight-box\" data-aos=\"fade-up\" data-aos-delay=\"0\">\n                \n                                        \n                \n                                    <p class=\"hb-text\">\n                        Les organisations de femmes qui souhaitent entrer en contact avec des femmes ayant des exp\u00e9riences v\u00e9cues diff\u00e9rentes sur leurs probl\u00e8mes de logement.                    <\/p>\n                \n            <\/div>\n\n\n            <!--  -->\n\n        \n    <\/div>\n<\/div><\/div>\n<div class=\"media-text-section break-out  img-align-left lgpadding has-yellowtint-background-color\">\n            <div class=\"container\">\n            <div class=\"media-text-section-row row justify-center\">\n            <div class=\"media-col col-12 col-lg-6\">\n                <img decoding=\"async\" src=\"https:\/\/pcvwh.ca\/wp-content\/uploads\/woman-with-drum-upsize.jpg\" alt=\"\">\n            <\/div>\n            <div class=\"text-col col-12 col-lg-6\" data-aos=\"fade-left\" >\n                \n\n<h2 class=\"has-text-align-left data-aos_fade-up aos-animate has-purple-color has-text-color wp-block-heading\">Ce qui se passe lors de notre symposium<\/h2>\n\n\n\n<p class=\"has-text-align-left has-offblack-color has-text-color\">Vous entendrez de nombreuses intervenantes ayant une expertise v\u00e9cue, des fournisseuses de services locales et des femmes repr\u00e9sentant des organisations nationales. Les participantes au symposium s\u2019engagent dans des conversations en petits groupes pour d\u00e9velopper davantage nos [six Calls to Action], que nous pr\u00e9sentons \u00e0 la SCHL et \u00e0 d\u2019autres repr\u00e9sentants du gouvernement.<\/p>\n\n\n            <\/div>\n        <\/div>\n            <\/div>\n    <\/div>\n<div class=\"media-text-section break-out  img-align-right lgpadding has-white-background-color\">\n            <div class=\"container\">\n            <div class=\"media-text-section-row row justify-center\">\n            <div class=\"media-col col-12 col-lg-6\">\n                <img decoding=\"async\" src=\"https:\/\/pcvwh.ca\/wp-content\/uploads\/group-shot-1.jpg\" alt=\"\">\n            <\/div>\n            <div class=\"text-col col-12 col-lg-6\" data-aos=\"fade-right\" >\n                \n\n<h2 class=\"has-text-align-left data-aos_fade-up aos-animate has-green-color has-text-color wp-block-heading\">Toutes les femmes sont les bienvenues \u00e0 notre symposium<\/h2>\n\n\n\n<p class=\"has-text-align-left has-offblack-color has-text-color\">Notre symposium s\u2019adresse \u00e0 toutes les personnes qui s\u2019identifient comme femmes, y compris les femmes cis, les femmes trans, les bispirituelles et les transfemmes. Nous encourageons la participation de femmes ayant une exp\u00e9rience du logement, des d\u00e9fenseuses du logement, d\u2019organisateurs communautaires et nationaux, d\u2019organisations de femmes et de d\u00e9cideurs politiques.<\/p>\n\n\n\n<div class=\"wp-block-buttons is-layout-flex wp-block-buttons-is-layout-flex\">\n<div class=\"wp-block-button is-style-outline is-style-outline--2\"><a class=\"wp-block-button__link has-green-color has-text-color\" href=\"https:\/\/pcvwh.ca\/fr\/symposium-inscription\/\">S&#8217;inscrire<\/a><\/div>\n<\/div>\n\n\n            <\/div>\n        <\/div>\n            <\/div>\n    <\/div>\n\n\n","protected":false},"excerpt":{"rendered":"<p>Le symposium offre \u00e0 toutes les femmes la possibilit\u00e9 de parler de leurs exp\u00e9riences et de mener une r\u00e9flexion sur le logement des femmes. Gr\u00e2ce \u00e0 votre contribution, nous formulons des recommandations \u00e0 l\u2019intention des d\u00e9cideurs politiques. S&#8217;inscrire Les 13, 14, 17 18 et 25 octobre En ligne sur Zoom. Vous entendrez de nombreuses intervenantes&hellip;<\/p>\n","protected":false},"author":12,"featured_media":16812,"parent":0,"menu_order":0,"comment_status":"closed","ping_status":"closed","template":"","meta":{"_acf_changed":false,"footnotes":""},"class_list":["post-16932","page","type-page","status-publish","has-post-thumbnail","hentry"],"acf":[],"_links":{"self":[{"href":"https:\/\/pcvwh.ca\/fr\/wp-json\/wp\/v2\/pages\/16932","targetHints":{"allow":["GET"]}}],"collection":[{"href":"https:\/\/pcvwh.ca\/fr\/wp-json\/wp\/v2\/pages"}],"about":[{"href":"https:\/\/pcvwh.ca\/fr\/wp-json\/wp\/v2\/types\/page"}],"author":[{"embeddable":true,"href":"https:\/\/pcvwh.ca\/fr\/wp-json\/wp\/v2\/users\/12"}],"replies":[{"embeddable":true,"href":"https:\/\/pcvwh.ca\/fr\/wp-json\/wp\/v2\/comments?post=16932"}],"version-history":[{"count":3,"href":"https:\/\/pcvwh.ca\/fr\/wp-json\/wp\/v2\/pages\/16932\/revisions"}],"predecessor-version":[{"id":16935,"href":"https:\/\/pcvwh.ca\/fr\/wp-json\/wp\/v2\/pages\/16932\/revisions\/16935"}],"wp:featuredmedia":[{"embeddable":true,"href":"https:\/\/pcvwh.ca\/fr\/wp-json\/wp\/v2\/media\/16812"}],"wp:attachment":[{"href":"https:\/\/pcvwh.ca\/fr\/wp-json\/wp\/v2\/media?parent=16932"}],"curies":[{"name":"wp","href":"https:\/\/api.w.org\/{rel}","templated":true}]}}