{"id":16930,"date":"2022-03-10T11:08:25","date_gmt":"2022-03-10T19:08:25","guid":{"rendered":"https:\/\/pcvwh.ca\/letat-du-logement-des-femmes\/"},"modified":"2022-09-27T14:00:35","modified_gmt":"2022-09-27T21:00:35","slug":"letat-du-logement-des-femmes","status":"publish","type":"page","link":"https:\/\/pcvwh.ca\/fr\/letat-du-logement-des-femmes\/","title":{"rendered":"L&#8217;\u00e9tat du logement des femmes"},"content":{"rendered":"<div class=\"media-text-section break-out  img-align-left img-outside-container lgpadding has-white-background-color\">\n            <div class=\"media-text-section-row row justify-center\">\n            <div class=\"media-col col-12 col-lg-6\">\n                <img decoding=\"async\" src=\"https:\/\/pcvwh.ca\/wp-content\/uploads\/AdobeStock_492765460-copy.jpg\" alt=\"\">\n            <\/div>\n            <div class=\"text-col col-12 col-lg-6\" data-aos=\"fade-left\" >\n                \n\n<h1 class=\"h2 has-purple-color has-text-color wp-block-heading\">Les femmes m\u00e9ritent une voix pour un acc\u00e8s \u00e0 un logement \u00e9quitable<\/h1>\n\n\n\n<h5 class=\"has-blacktint-color has-text-color wp-block-heading\">Le logement des femmes au Canada est largement sous-financ\u00e9 et trop souvent consid\u00e9r\u00e9 comme sans importance. Les femmes sans abri et fuyant la violence demandent \u00e0 avoir leur mot \u00e0 dire dans les discussions sur l\u2019\u00e9quit\u00e9 et l\u2019abordabilit\u00e9 du logement. Les d\u00e9cideurs politiques ne peuvent pas prendre de bonnes d\u00e9cisions concernant notre bien-\u00eatre sans nous consulter.<\/h5>\n\n\n\n<p class=\"has-blacktint-color has-text-color\" class=\"opener\">Les politiques actuelles ne font qu\u2019effleurer les questions qui comptent le plus pour les femmes.<\/p>\n\n\n            <\/div>\n        <\/div>\n    <\/div>\n\n<div class=\"wp-block-cover lgpadding break-out\"><span aria-hidden=\"true\" class=\"has-purple-background-color has-background-dim-100 wp-block-cover__gradient-background has-background-dim\"><\/span><div class=\"wp-block-cover__inner-container is-layout-flow wp-block-cover-is-layout-flow\"><div class=\"wp-bootstrap-blocks-container container mb-2\">\n\t\n\n<h2 class=\"has-text-align-center data-aos_fade aos-animate wp-block-heading\">\u00ab \u00c0 maintes reprises, les femmes ont conclu que la complexit\u00e9 du syst\u00e8me bureaucratique \u00e9tait leur principal obstacle \u00e0 un <em>logement s\u00fbr<\/em>, <em>durable<\/em> et <em>inclusif<\/em>. \u00bb<\/h2>\n\n\n\n\n\n<\/div>\n<\/div><\/div>\n\n<div class=\"wp-block-group lgpadding\"><div class=\"wp-block-group__inner-container is-layout-flow wp-block-group-is-layout-flow\">\n<h2 class=\"has-text-align-center data-aos_fade-up aos-animate has-green-color has-text-color wp-block-heading\">Ce que nous avons appris<\/h2>\n\n\n\n<p class=\"has-text-align-center data-aos_fade-up aos-animate\">Les femmes veulent un logement s\u00fbr et abordable pour elles-m\u00eames et leurs enfants C\u2019est notre droit.<\/p>\n\n\n\n<div style=\"height:30px\" aria-hidden=\"true\" class=\"wp-block-spacer\"><\/div>\n\n\n\n    <div class=\"highlight-boxes row-num-3\">\n\n                    <div class=\"highlight-box\" data-aos=\"fade-up\" data-aos-delay=\"0\">\n                                    <div class=\"hb-title-section\">\n                \n                                                                <h3 class=\"hb-title highlight-titles \">\n                            28%                        <\/h3>\n                    \n                                    <\/div>\n                \n                                    <p class=\"hb-text\">\n                        des m\u00e9nages dirig\u00e9s par des femmes ont des besoins urgents en mati\u00e8re de logement (contre 16 % pour les m\u00e9nages dirig\u00e9s par des hommes).                     <\/p>\n                \n            <\/div>\n\n\n            <!--  -->\n\n                    <div class=\"highlight-box\" data-aos=\"fade-up\" data-aos-delay=\"200\">\n                                    <div class=\"hb-title-section\">\n                \n                                                                <h3 class=\"hb-title highlight-titles \">\n                            27%                        <\/h3>\n                    \n                                    <\/div>\n                \n                                    <p class=\"hb-text\">\n                        des m\u00e9nages monoparentaux dirig\u00e9s par des femmes ont des besoins urgents en mati\u00e8re de logement.                    <\/p>\n                \n            <\/div>\n\n\n            <!--  -->\n\n                    <div class=\"highlight-box\" data-aos=\"fade-up\" data-aos-delay=\"400\">\n                                    <div class=\"hb-title-section\">\n                \n                                                                <h3 class=\"hb-title highlight-titles \">\n                            9,078                        <\/h3>\n                    \n                                    <\/div>\n                \n                                    <p class=\"hb-text\">\n                        femmes et filles au Canada sont sans abri.                    <\/p>\n                \n            <\/div>\n\n\n            <!--  -->\n\n                    <div class=\"highlight-box\" data-aos=\"fade-up\" data-aos-delay=\"0\">\n                                    <div class=\"hb-title-section\">\n                \n                                                                <h3 class=\"hb-title highlight-titles \">\n                            90%                        <\/h3>\n                    \n                                    <\/div>\n                \n                                    <p class=\"hb-text\">\n                        des familles utilisant les refuges d\u2019urgence sont dirig\u00e9es par des femmes seules.                    <\/p>\n                \n            <\/div>\n\n\n            <!--  -->\n\n                    <div class=\"highlight-box\" data-aos=\"fade-up\" data-aos-delay=\"200\">\n                                    <div class=\"hb-title-section\">\n                \n                                                                <h3 class=\"hb-title highlight-titles \">\n                            1,000                        <\/h3>\n                    \n                                    <\/div>\n                \n                                    <p class=\"hb-text\">\n                        femmes et enfants se voient refuser l\u2019acc\u00e8s aux centres d\u2019accueil pour victimes de violences sexuelles chaque jour. La plupart retourneront donc dans des situations de violence et de pr\u00e9carit\u00e9.                    <\/p>\n                \n            <\/div>\n\n\n            <!--  -->\n\n                    <div class=\"highlight-box\" data-aos=\"fade-up\" data-aos-delay=\"400\">\n                                    <div class=\"hb-title-section\">\n                \n                                                                <h3 class=\"hb-title highlight-titles \">\n                            44%                        <\/h3>\n                    \n                                    <\/div>\n                \n                                    <p class=\"hb-text\">\n                        des femmes et des filles vivant dans des r\u00e9serves habitent dans des maisons qui n\u00e9cessitent des r\u00e9parations importantes.                    <\/p>\n                \n            <\/div>\n\n\n            <!--  -->\n\n        \n    <\/div>\n\n\n\n<div style=\"height:20px\" aria-hidden=\"true\" class=\"wp-block-spacer\"><\/div>\n\n\n\n<div class=\"wp-block-buttons data-aos_fade-up aos-animate is-horizontal is-content-justification-center is-layout-flex wp-container-core-buttons-is-layout-499968f5 wp-block-buttons-is-layout-flex\">\n<div class=\"wp-block-button is-style-outline is-style-outline--1\"><a class=\"wp-block-button__link has-green-color has-text-color\" href=\"https:\/\/pcvwh.ca\/fr\/ressources-logement\/\">Voir les ressources en mati\u00e8re de logement<\/a><\/div>\n<\/div>\n<\/div><\/div>\n","protected":false},"excerpt":{"rendered":"<p>Les politiques actuelles ne font qu\u2019effleurer les questions qui comptent le plus pour les femmes. Les femmes veulent un logement s\u00fbr et abordable pour elles-m\u00eames et leurs enfants C\u2019est notre droit. Voir les ressources en mati\u00e8re de logement<\/p>\n","protected":false},"author":12,"featured_media":16812,"parent":0,"menu_order":0,"comment_status":"closed","ping_status":"closed","template":"","meta":{"_acf_changed":false,"footnotes":""},"class_list":["post-16930","page","type-page","status-publish","has-post-thumbnail","hentry"],"acf":[],"_links":{"self":[{"href":"https:\/\/pcvwh.ca\/fr\/wp-json\/wp\/v2\/pages\/16930","targetHints":{"allow":["GET"]}}],"collection":[{"href":"https:\/\/pcvwh.ca\/fr\/wp-json\/wp\/v2\/pages"}],"about":[{"href":"https:\/\/pcvwh.ca\/fr\/wp-json\/wp\/v2\/types\/page"}],"author":[{"embeddable":true,"href":"https:\/\/pcvwh.ca\/fr\/wp-json\/wp\/v2\/users\/12"}],"replies":[{"embeddable":true,"href":"https:\/\/pcvwh.ca\/fr\/wp-json\/wp\/v2\/comments?post=16930"}],"version-history":[{"count":1,"href":"https:\/\/pcvwh.ca\/fr\/wp-json\/wp\/v2\/pages\/16930\/revisions"}],"predecessor-version":[{"id":16931,"href":"https:\/\/pcvwh.ca\/fr\/wp-json\/wp\/v2\/pages\/16930\/revisions\/16931"}],"wp:featuredmedia":[{"embeddable":true,"href":"https:\/\/pcvwh.ca\/fr\/wp-json\/wp\/v2\/media\/16812"}],"wp:attachment":[{"href":"https:\/\/pcvwh.ca\/fr\/wp-json\/wp\/v2\/media?parent=16930"}],"curies":[{"name":"wp","href":"https:\/\/api.w.org\/{rel}","templated":true}]}}