{"id":16924,"date":"2022-03-08T13:46:44","date_gmt":"2022-03-08T21:46:44","guid":{"rendered":"https:\/\/pcvwh.ca\/appels-a-laction\/"},"modified":"2022-09-21T16:33:22","modified_gmt":"2022-09-21T23:33:22","slug":"appels-a-laction","status":"publish","type":"page","link":"https:\/\/pcvwh.ca\/fr\/appels-a-laction\/","title":{"rendered":"Appels \u00e0 l&#8217;action"},"content":{"rendered":"<div class=\"media-text-section break-out  img-align-left img-outside-container lgpadding has-white-background-color\">\n            <div class=\"media-text-section-row row justify-center\">\n            <div class=\"media-col col-12 col-lg-6\">\n                <img decoding=\"async\" src=\"https:\/\/pcvwh.ca\/wp-content\/uploads\/AdobeStock_255641714.jpg\" alt=\"\">\n            <\/div>\n            <div class=\"text-col col-12 col-lg-6\" data-aos=\"fade-left\" >\n                \n\n<h1 class=\"h2 has-purple-color has-text-color wp-block-heading\">Nous demandons au gouvernement d\u2019apporter des <em>changements<\/em><\/h1>\n\n\n\n<h5 class=\"has-blacktint-color has-text-color wp-block-heading\">Nos six appels \u00e0 l\u2019action repr\u00e9sentent les am\u00e9liorations qui, selon nous, doivent \u00eatre apport\u00e9es pour que les femmes aient un acc\u00e8s \u00e9quitable au logement. Ils ont d\u2019abord \u00e9merg\u00e9 des discussions passionnantes qui ont eu lieu lors de notre symposium 2018.<\/h5>\n\n\n\n<p class=\"has-blacktint-color has-text-color\" class=\"opener\">Ces appels \u00e0 l\u2019action ressurgissent chaque ann\u00e9e. Lors de notre symposium, les participantes ont la possibilit\u00e9 de mettre \u00e0 profit leurs pr\u00e9cieuses connaissances pour am\u00e9liorer et approfondir ces appels \u00e0 l\u2019action.<\/p>\n\n\n            <\/div>\n        <\/div>\n    <\/div>\n\n<div class=\"wp-block-group xlmargin\"><div class=\"wp-block-group__inner-container is-layout-flow wp-block-group-is-layout-flow\">\n<h2 class=\"has-text-align-center data-aos_fade-up aos-animate max750 has-green-color has-text-color wp-block-heading\">Nos appels \u00e0 l\u2019action valent <em>la peine d\u2019\u00eatre d\u00e9fendus<\/em><\/h2>\n\n\n<div class=\"wp-bootstrap-blocks-row row\">\n\t\n\n<div class=\"col-12 col-lg-6\">\n\t\t\t\n\n    <div class=\"columned-title-section\">\n                                <div class=\"columned-title-row\">\n                                <div class=\"columned-title\" data-aos=\"fade\">\n                    <h3>\u00c9valuer<\/h3>\n                <\/div>\n                <div class=\"columned-text\" data-aos=\"fade-left\" data-aos-delay=\"250\">\n                    <p>Nous passons en revue les aspects de nos appels \u00e0 l\u2019action qui ont \u00e9t\u00e9 r\u00e9alis\u00e9s, ceux que nous pouvons mettre en attente et ceux qui n\u00e9cessitent encore nos efforts.<\/p>\n                <\/div>\n            <\/div>\n                                <div class=\"columned-title-row\">\n                                <div class=\"columned-title\" data-aos=\"fade\">\n                    <h3>Contribuer<\/h3>\n                <\/div>\n                <div class=\"columned-text\" data-aos=\"fade-left\" data-aos-delay=\"250\">\n                    <p>Les participantes mettent \u00e0 profit leurs connaissances et leur expertise v\u00e9cue pour nous aider \u00e0 \u00e9valuer ce qui est important pour les femmes \u00e0 la recherche d\u2019un logement.<\/p>\n                <\/div>\n            <\/div>\n            <\/div>\n\n\t<\/div>\n\n\n\n<div class=\"col-12 col-lg-6\">\n\t\t\t\n\n    <div class=\"columned-title-section\">\n                                <div class=\"columned-title-row\">\n                                <div class=\"columned-title\" data-aos=\"fade\">\n                    <h3>R\u00e9\u00e9crire<\/h3>\n                <\/div>\n                <div class=\"columned-text\" data-aos=\"fade-left\" data-aos-delay=\"250\">\n                    <p>Lorsque le symposium se termine, nous sommes par\u00e9s des six appels \u00e0 l\u2019action que nous pr\u00e9senterons \u00e0 nouveau au gouvernement f\u00e9d\u00e9ral.<\/p>\n                <\/div>\n            <\/div>\n                                <div class=\"columned-title-row\">\n                                <div class=\"columned-title\" data-aos=\"fade\">\n                    <h3>Envoyer<\/h3>\n                <\/div>\n                <div class=\"columned-text\" data-aos=\"fade-left\" data-aos-delay=\"250\">\n                    <p>Ces appels \u00e0 l\u2019action aident les d\u00e9cideurs politiques \u00e0 prendre des mesures pour mettre fin \u00e0 l\u2019itin\u00e9rance des femmes et leur fournir des logements s\u00fbrs, abordables et adapt\u00e9s \u00e0 leur culture.<\/p>\n                <\/div>\n            <\/div>\n            <\/div>\n\n\t<\/div>\n\n<\/div>\n<\/div><\/div>\n\n\n","protected":false},"excerpt":{"rendered":"<p>Ces appels \u00e0 l\u2019action ressurgissent chaque ann\u00e9e. Lors de notre symposium, les participantes ont la possibilit\u00e9 de mettre \u00e0 profit leurs pr\u00e9cieuses connaissances pour am\u00e9liorer et approfondir ces appels \u00e0 l\u2019action.<\/p>\n","protected":false},"author":12,"featured_media":16804,"parent":0,"menu_order":0,"comment_status":"closed","ping_status":"closed","template":"calls-to-action.php","meta":{"_acf_changed":false,"footnotes":""},"class_list":["post-16924","page","type-page","status-publish","has-post-thumbnail","hentry"],"acf":[],"_links":{"self":[{"href":"https:\/\/pcvwh.ca\/fr\/wp-json\/wp\/v2\/pages\/16924","targetHints":{"allow":["GET"]}}],"collection":[{"href":"https:\/\/pcvwh.ca\/fr\/wp-json\/wp\/v2\/pages"}],"about":[{"href":"https:\/\/pcvwh.ca\/fr\/wp-json\/wp\/v2\/types\/page"}],"author":[{"embeddable":true,"href":"https:\/\/pcvwh.ca\/fr\/wp-json\/wp\/v2\/users\/12"}],"replies":[{"embeddable":true,"href":"https:\/\/pcvwh.ca\/fr\/wp-json\/wp\/v2\/comments?post=16924"}],"version-history":[{"count":3,"href":"https:\/\/pcvwh.ca\/fr\/wp-json\/wp\/v2\/pages\/16924\/revisions"}],"predecessor-version":[{"id":16927,"href":"https:\/\/pcvwh.ca\/fr\/wp-json\/wp\/v2\/pages\/16924\/revisions\/16927"}],"wp:featuredmedia":[{"embeddable":true,"href":"https:\/\/pcvwh.ca\/fr\/wp-json\/wp\/v2\/media\/16804"}],"wp:attachment":[{"href":"https:\/\/pcvwh.ca\/fr\/wp-json\/wp\/v2\/media?parent=16924"}],"curies":[{"name":"wp","href":"https:\/\/api.w.org\/{rel}","templated":true}]}}