{"id":16920,"date":"2018-05-03T23:37:39","date_gmt":"2018-05-04T06:37:39","guid":{"rendered":"https:\/\/pcvwh.ca\/home\/"},"modified":"2022-09-21T15:22:21","modified_gmt":"2022-09-21T22:22:21","slug":"home","status":"publish","type":"page","link":"https:\/\/pcvwh.ca\/fr\/","title":{"rendered":"Home"},"content":{"rendered":"\n<div class=\"wp-block-group\"><div class=\"wp-block-group__inner-container is-layout-flow wp-block-group-is-layout-flow\">\n<div class=\"wp-block-cover\"><span aria-hidden=\"true\" class=\"wp-block-cover__background has-purple-background-color has-background-dim-100 has-background-dim\"><\/span><div class=\"wp-block-cover__inner-container is-layout-flow wp-block-cover-is-layout-flow\"><div class=\"wp-bootstrap-blocks-container container mb-0 xlpadding\">\n\t\n\n<div style=\"height:25px\" aria-hidden=\"true\" class=\"wp-block-spacer\"><\/div>\n\n\n\n<h2 class=\"has-text-align-center data-aos_fade aos-animate waypoint wp-block-heading\"><em>Notre objectif<\/em> est de faire en sorte que les femmes et les enfants disposent d\u2019un logement s\u00fbr et abordable et qu\u2019il s\u2019agisse d\u2019une priorit\u00e9.<\/h2>\n\n<\/div>\n<\/div><\/div>\n\n\n\n\n<\/div><\/div>\n<div class=\"wp-bootstrap-blocks-container container mb-0 lgpadding\">\n\t\n\n<div class=\"wp-block-group\"><div class=\"wp-block-group__inner-container is-layout-flow wp-block-group-is-layout-flow\">\n<h2 class=\"has-text-align-center max750 data-aos_fade-up aos-animate has-purple-color has-text-color wp-block-heading\">Nos six appels \u00e0 l\u2019action <em>suscitent<\/em> le changement<\/h2>\n\n\n\n<h3 class=\"has-text-align-center max750 data-aos_fade-up aos-animate has-blacktint-color has-text-color wp-block-heading\">Les politiques qui maintiennent nos logements et nos refuges ouverts doivent \u00eatre am\u00e9lior\u00e9es, et nos appels \u00e0 l\u2019action sont un moyen d\u2019y parvenir.<\/h3>\n\n\n\n<div style=\"height:40px\" aria-hidden=\"true\" class=\"wp-block-spacer\"><\/div>\n\n\n\n    <div class=\"highlight-boxes row-num-3\">\n\n                    <div class=\"highlight-box\" data-aos=\"fade-up\" data-aos-delay=\"0\">\n                                    <div class=\"hb-title-section\">\n                \n                                            <div class=\"hb-num cta-num\">\n                            1.                        <\/div>\n                                                                <h3 class=\"hb-title  \">\n                            Logement et femmes ayant une exp\u00e9rience v\u00e9cue                        <\/h3>\n                    \n                                    <\/div>\n                \n                                    <p class=\"hb-text\" class=\"opener\">\n                        Nous demandons \u00e0 la Soci\u00e9t\u00e9 canadienne d\u2019hypoth\u00e8ques et de logement (SCHL) de collaborer avec les organisations de femmes concern\u00e9es et avec des femmes ayant une exp\u00e9rience v\u00e9cue.                    <\/p>\n                \n            <\/div>\n\n\n            <!--  -->\n\n                    <div class=\"highlight-box\" data-aos=\"fade-up\" data-aos-delay=\"200\">\n                                    <div class=\"hb-title-section\">\n                \n                                            <div class=\"hb-num cta-num\">\n                            2.                        <\/div>\n                                                                <h3 class=\"hb-title  \">\n                            Logement des femmes des Premi\u00e8res Nations et des peuples m\u00e9tis et inuits                        <\/h3>\n                    \n                                    <\/div>\n                \n                                    <p class=\"hb-text\">\n                        Nous voulons que le logement des femmes soit dirig\u00e9 par des femmes autochtones, qu\u2019il soit adapt\u00e9 \u00e0 leur culture et qu\u2019il englobe les femmes et les enfants vivant dans les r\u00e9serves et hors des r\u00e9serves.                    <\/p>\n                \n            <\/div>\n\n\n            <!--  -->\n\n                    <div class=\"highlight-box\" data-aos=\"fade-up\" data-aos-delay=\"400\">\n                                    <div class=\"hb-title-section\">\n                \n                                            <div class=\"hb-num cta-num\">\n                            3.                        <\/div>\n                                                                <h3 class=\"hb-title  \">\n                            Financement des infrastructures pour le logement                        <\/h3>\n                    \n                                    <\/div>\n                \n                                    <p class=\"hb-text\">\n                        Nous demandons \u00e0 la SCHL de r\u00e9tablir le Programme d\u2019am\u00e9lioration des maisons d\u2019h\u00e9bergement.                     <\/p>\n                \n            <\/div>\n\n\n            <!--  -->\n\n                    <div class=\"highlight-box\" data-aos=\"fade-up\" data-aos-delay=\"0\">\n                                    <div class=\"hb-title-section\">\n                \n                                            <div class=\"hb-num cta-num\">\n                            4.                        <\/div>\n                                                                <h3 class=\"hb-title  \">\n                            Une voix pour le logement des femmes                        <\/h3>\n                    \n                                    <\/div>\n                \n                                    <p class=\"hb-text\">\n                        Nous demandons un soutien et un financement continus pour Parlons femmes et logement.                    <\/p>\n                \n            <\/div>\n\n\n            <!--  -->\n\n                    <div class=\"highlight-box\" data-aos=\"fade-up\" data-aos-delay=\"200\">\n                                    <div class=\"hb-title-section\">\n                \n                                            <div class=\"hb-num cta-num\">\n                            5.                        <\/div>\n                                                                <h3 class=\"hb-title  \">\n                            Financement op\u00e9rationnel pour le logement des femmes et les organismes de services aux femmes                        <\/h3>\n                    \n                                    <\/div>\n                \n                                    <p class=\"hb-text\">\n                        Nous demandons un financement op\u00e9rationnel pour les organisations de logement dirig\u00e9es par des femmes et au service des femmes.                    <\/p>\n                \n            <\/div>\n\n\n            <!--  -->\n\n                    <div class=\"highlight-box\" data-aos=\"fade-up\" data-aos-delay=\"400\">\n                                    <div class=\"hb-title-section\">\n                \n                                            <div class=\"hb-num cta-num\">\n                            6.                        <\/div>\n                                                                <h3 class=\"hb-title  \">\n                            Les femmes et un revenu annuel garanti                        <\/h3>\n                    \n                                    <\/div>\n                \n                                    <p class=\"hb-text\">\n                        Nous demandons \u00e0 la SCHL de pr\u00e9coniser un revenu annuel garanti.                    <\/p>\n                \n            <\/div>\n\n\n            <!--  -->\n\n        \n    <\/div>\n\n\n\n<div style=\"height:20px\" aria-hidden=\"true\" class=\"wp-block-spacer\"><\/div>\n\n\n\n<div class=\"wp-block-buttons data-aos_fade-up aos-animate is-horizontal is-content-justification-center is-layout-flex wp-container-core-buttons-is-layout-499968f5 wp-block-buttons-is-layout-flex\">\n<div class=\"wp-block-button is-style-outline is-style-outline--1\"><a class=\"wp-block-button__link has-purple-color has-text-color\" href=\"https:\/\/pcvwh.ca\/fr\/appels-a-laction\/\">En savoir plus<\/a><\/div>\n<\/div>\n<\/div><\/div>\n\n<\/div>\n\n<div class=\"wp-block-cover is-light\"><span aria-hidden=\"true\" class=\"wp-block-cover__background has-green-background-color has-background-dim-100 has-background-dim\"><\/span><div class=\"wp-block-cover__inner-container is-layout-flow wp-block-cover-is-layout-flow\"><div class=\"wp-bootstrap-blocks-container container mb-0 mdpadding\">\n\t\n\n<h2 class=\"has-text-align-center data-aos_fade-up aos-animate has-white-color has-text-color wp-block-heading\">Les participantes sont la cl\u00e9 du succ\u00e8s<\/h2>\n\n\n\n\n<\/div>\n<\/div><\/div>\n<div class=\"wp-bootstrap-blocks-container container mb-0 lgpadding\">\n\t\n<div class=\"wp-bootstrap-blocks-row row\">\n\t\n\n<div class=\"col-12 col-lg-6\">\n\t\t\t\n\n<h2 class=\"data-aos_fade-up aos-animate has-purple-color has-text-color wp-block-heading\">D\u00e9veloppez vos connaissances sur le logement des femmes<\/h2>\n\n\n\n<h3 class=\"data-aos_fade-up aos-animate has-blacktint-color has-text-color wp-block-heading\">Les ressources ax\u00e9es sur le logement des femmes doivent \u00eatre accessibles et avoir des retomb\u00e9es. Acc\u00e9dez facilement aux renseignements les plus importants.<\/h3>\n\n\n\n<div style=\"height:15px\" aria-hidden=\"true\" class=\"wp-block-spacer\"><\/div>\n\n\n\n    <div class=\"columned-title-section\">\n                                <div class=\"columned-title-row\">\n                                <div class=\"columned-title\" data-aos=\"fade\">\n                    <h3>Logement<\/h3>\n                <\/div>\n                <div class=\"columned-text\" data-aos=\"fade-left\" data-aos-delay=\"250\">\n                    <p>Trouver un refuge ou un logement imm\u00e9diatement et trouver des ressources pour les femmes fuyant la violence.<br>\n<strong><a href=\"https:\/\/pcvwh.ca\/housing\/\">En savoir plus<\/a><\/strong><\/p>\n                <\/div>\n            <\/div>\n                                <div class=\"columned-title-row\">\n                                <div class=\"columned-title\" data-aos=\"fade\">\n                    <h3>Recherche<\/h3>\n                <\/div>\n                <div class=\"columned-text\" data-aos=\"fade-left\" data-aos-delay=\"250\">\n                    <p>Consulter les donn\u00e9es existantes afin d\u2019am\u00e9liorer les politiques du logement des femmes au Canada.<br>\n<strong><a href=\"https:\/\/pcvwh.ca\/research\/\">En savoir plus<\/a><\/strong><\/p>\n                <\/div>\n            <\/div>\n            <\/div>\n\n\t<\/div>\n\n\n\n<div class=\"col-12 col-lg-6\">\n\t\t\t\n\n<figure class=\"wp-block-image size-large is-resized\"><img loading=\"lazy\" decoding=\"async\" src=\"https:\/\/pcvwh.ca\/wp-content\/uploads\/AdobeStock_437377420-1024x683.jpeg\" alt=\"Three older women smiling, gathered together after exercising outdoors. Focal point on Black woman's face.\" class=\"wp-image-16378\" width=\"512\" height=\"341\" srcset=\"https:\/\/pcvwh.ca\/wp-content\/uploads\/AdobeStock_437377420-1024x683.jpeg 1024w, https:\/\/pcvwh.ca\/wp-content\/uploads\/AdobeStock_437377420-600x400.jpeg 600w, https:\/\/pcvwh.ca\/wp-content\/uploads\/AdobeStock_437377420-768x512.jpeg 768w, https:\/\/pcvwh.ca\/wp-content\/uploads\/AdobeStock_437377420-1536x1024.jpeg 1536w, https:\/\/pcvwh.ca\/wp-content\/uploads\/AdobeStock_437377420-2048x1366.jpeg 2048w\" sizes=\"auto, (max-width: 512px) 100vw, 512px\" \/><\/figure>\n\n\t<\/div>\n\n<\/div>\n\n\n<div class=\"wp-bootstrap-blocks-row row justify-center\">\n\t\n\n<div class=\"col-12 col-lg-6 tablet-order-2\">\n\t\t\t\n\n<figure class=\"wp-block-image size-full\"><img loading=\"lazy\" decoding=\"async\" width=\"884\" height=\"698\" src=\"https:\/\/pcvwh.ca\/wp-content\/uploads\/woman-in-wheelchair-on-bridge.jpg\" alt=\"Two older women on a bridge, one woman is pushing the other in a wheelchair. \" class=\"wp-image-15617\" srcset=\"https:\/\/pcvwh.ca\/wp-content\/uploads\/woman-in-wheelchair-on-bridge.jpg 884w, https:\/\/pcvwh.ca\/wp-content\/uploads\/woman-in-wheelchair-on-bridge-600x474.jpg 600w, https:\/\/pcvwh.ca\/wp-content\/uploads\/woman-in-wheelchair-on-bridge-768x606.jpg 768w\" sizes=\"auto, (max-width: 884px) 100vw, 884px\" \/><\/figure>\n\n\t<\/div>\n\n\n\n<div class=\"col-12 col-lg-6 tablet-order-1\">\n\t\t\t\n\n    <div class=\"columned-title-section\">\n                                <div class=\"columned-title-row\">\n                                <div class=\"columned-title\" data-aos=\"fade\">\n                    <h3>Formation<\/h3>\n                <\/div>\n                <div class=\"columned-text\" data-aos=\"fade-left\" data-aos-delay=\"250\">\n                    <p>Acc\u00e9der aux modules de formation et aux renseignements d\u00e9j\u00e0 en place pour faire entendre la voix des femmes encore davantage.<br>\n<strong><a href=\"https:\/\/pcvwh.ca\/training\/\">En savoir plus<\/a><\/strong><\/p>\n                <\/div>\n            <\/div>\n                                <div class=\"columned-title-row\">\n                                <div class=\"columned-title\" data-aos=\"fade\">\n                    <h3>Emploi<\/h3>\n                <\/div>\n                <div class=\"columned-text\" data-aos=\"fade-left\" data-aos-delay=\"250\">\n                    <p>Consulter les possibilit\u00e9s d\u2019emploi et de b\u00e9n\u00e9volat li\u00e9es au logement des femmes.<br>\n<strong><a href=\"https:\/\/pcvwh.ca\/fr\/emploi\/\">En savoir plus<\/a><\/strong><\/p>\n                <\/div>\n            <\/div>\n            <\/div>\n\n\n\n<div style=\"height:40px\" aria-hidden=\"true\" class=\"wp-block-spacer show-tablet\"><\/div>\n\n\t<\/div>\n\n<\/div>\n\n<\/div>\n\n        <div class=\"break-out has-yellow-background-color xlpadding\">\n        <div class=\"container\">\n                            <div class=\"recent-posts-title row\">\n                    <div class=\"col-12 max900\">\n                        <h2 data-aos=\"fade-up\" class=\"textcenter\">Nouveaut\u00e9s \u00e0 d\u00e9couvrir<\/h2>\n                    <\/div>\n                <\/div>\n                        <div class=\"recent-posts-wrap row smmargin\">\n                                    <div class=\"recent-post col-12 col-md-6 cols-2\">\n                        \n                                                    <img decoding=\"async\" class=\"recent-post-thumb\" src=\"https:\/\/pcvwh.ca\/wp-content\/uploads\/2017-participants.jpg\" alt=\"\" \/>\n                        \n                        <div class=\"recent-post-inner\" data-aos=\"fade-up\">\n                            <h3>Les dates du Symposium 2022 annonc\u00e9es!<\/h3>\n                            <p>Nous avons le plaisir d\u2019annoncer notre 6e symposium annuel! Il se d\u00e9roulera les 13, 14, 17, 18 et 25 octobre. <\/p>\n                                                            <div class=\"link-wrap\">\n                                    <a href=\"\/registration\/\" class=\"link\" >S\u2019inscrire <i class=\"fal fa-long-arrow-right\"><\/i><\/a>\n                                <\/div>\n                                                    <\/div>\n                    <\/div>\n                                    <div class=\"recent-post col-12 col-md-6 cols-2\">\n                        \n                                                    <img decoding=\"async\" class=\"recent-post-thumb\" src=\"https:\/\/pcvwh.ca\/wp-content\/uploads\/AdobeStock_258928524.jpg\" alt=\"\" \/>\n                        \n                        <div class=\"recent-post-inner\" data-aos=\"fade-up\">\n                            <h3>Nous lancerons un balado!<\/h3>\n                            <p>Nous lancerons un balado qui rassemblera des t\u00e9moignages et des exp\u00e9riences des femmes en mati\u00e8re de logement au Canada. Restez \u00e0 l\u2019\u00e9coute pour conna\u00eetre la date de notre lancement.<\/p>\n                                                            <div class=\"link-wrap\">\n                                    <a href=\"\/podcast\/\" class=\"link\" >En savoir plus <i class=\"fal fa-long-arrow-right\"><\/i><\/a>\n                                <\/div>\n                                                    <\/div>\n                    <\/div>\n                            <\/div>\n        <\/div>\n    <\/div>\n<div class=\"wp-bootstrap-blocks-container container mb-0 lgpadding\">\n\t\n\n<h2 class=\"has-text-align-center data-aos_fade-up aos-animate has-purple-color has-text-color wp-block-heading\">Ne ratez jamais une mise \u00e0 jour<\/h2>\n\n\n\n<div class=\"wp-block-group data-aos_fade-up aos-animate\"><div class=\"wp-block-group__inner-container is-layout-flow wp-block-group-is-layout-flow\">\n<!-- Custom Twitter Feeds by Smash Balloon -->\n<div id=\"ctf\" class=\" ctf ctf-type-usertimeline ctf-rebranded ctf-feed-1  ctf-styles ctf-list ctf-regular-style\"   data-ctfshortcode=\"{&quot;feed&quot;:1}\"   data-ctfdisablelinks=\"false\" data-ctflinktextcolor=\"#\" data-header-size=\"small\" data-feedid=\"1\" data-postid=\"16920\"  data-feed=\"1\" data-ctf-flags=\"locator\" data-ctfintents=\"1\"  data-ctfneeded=\"1\">\n            <div id=\"ctf\" class=\"ctf\">\n            <div class=\"ctf-error\">\n                <div class=\"ctf-error-user\">\n\t\t\t\t\tLe flux Twitter n\u2019est pas disponible pour le moment.                <\/div>\n            <\/div>\n        <\/div>\n\t\t    <div class=\"ctf-tweets\">\n   \t\t    <\/div>\n    \n<\/div>\n<\/div><\/div>\n\n\n\n<div style=\"height:25px\" aria-hidden=\"true\" class=\"wp-block-spacer\"><\/div>\n\n\n\n<div class=\"wp-block-buttons data-aos_fade-up aos-animate is-horizontal is-content-justification-center is-layout-flex wp-container-core-buttons-is-layout-499968f5 wp-block-buttons-is-layout-flex\">\n<div class=\"wp-block-button is-style-outline is-style-outline--2\"><a class=\"wp-block-button__link has-purple-color has-text-color\" href=\"https:\/\/twitter.com\/voice4housing\" target=\"_blank\" rel=\"noreferrer noopener\">Nous trouver sur Twitter<\/a><\/div>\n<\/div>\n\n\n\n\n\n<\/div>\n","protected":false},"excerpt":{"rendered":"<p>En savoir plus Nous trouver sur Twitter<\/p>\n","protected":false},"author":12,"featured_media":18422,"parent":0,"menu_order":0,"comment_status":"closed","ping_status":"closed","template":"","meta":{"_acf_changed":false,"footnotes":""},"class_list":["post-16920","page","type-page","status-publish","has-post-thumbnail","hentry"],"acf":[],"_links":{"self":[{"href":"https:\/\/pcvwh.ca\/fr\/wp-json\/wp\/v2\/pages\/16920","targetHints":{"allow":["GET"]}}],"collection":[{"href":"https:\/\/pcvwh.ca\/fr\/wp-json\/wp\/v2\/pages"}],"about":[{"href":"https:\/\/pcvwh.ca\/fr\/wp-json\/wp\/v2\/types\/page"}],"author":[{"embeddable":true,"href":"https:\/\/pcvwh.ca\/fr\/wp-json\/wp\/v2\/users\/12"}],"replies":[{"embeddable":true,"href":"https:\/\/pcvwh.ca\/fr\/wp-json\/wp\/v2\/comments?post=16920"}],"version-history":[{"count":1,"href":"https:\/\/pcvwh.ca\/fr\/wp-json\/wp\/v2\/pages\/16920\/revisions"}],"predecessor-version":[{"id":16921,"href":"https:\/\/pcvwh.ca\/fr\/wp-json\/wp\/v2\/pages\/16920\/revisions\/16921"}],"wp:featuredmedia":[{"embeddable":true,"href":"https:\/\/pcvwh.ca\/fr\/wp-json\/wp\/v2\/media\/18422"}],"wp:attachment":[{"href":"https:\/\/pcvwh.ca\/fr\/wp-json\/wp\/v2\/media?parent=16920"}],"curies":[{"name":"wp","href":"https:\/\/api.w.org\/{rel}","templated":true}]}}