{"id":16918,"date":"2018-05-04T17:56:13","date_gmt":"2018-05-05T00:56:13","guid":{"rendered":"https:\/\/pcvwh.ca\/prendre-contact\/"},"modified":"2022-09-21T14:51:12","modified_gmt":"2022-09-21T21:51:12","slug":"prendre-contact","status":"publish","type":"page","link":"https:\/\/pcvwh.ca\/fr\/prendre-contact\/","title":{"rendered":"Prendre Contact"},"content":{"rendered":"<div class=\"media-text-section break-out  img-align-left img-outside-container lgpadding has-white-background-color\">\n            <div class=\"media-text-section-row row justify-center\">\n            <div class=\"media-col col-12 col-lg-6\">\n                <img decoding=\"async\" src=\"https:\/\/pcvwh.ca\/wp-content\/uploads\/smiling-mother-daughter.jpg\" alt=\"\">\n            <\/div>\n            <div class=\"text-col col-12 col-lg-6\" data-aos=\"fade-left\" >\n                \n\n<h1 class=\"h2 has-purple-color has-text-color wp-block-heading\">Entamer une conversation<\/h1>\n\n\n\n<p class=\"h5 has-blacktint-color has-text-color\" class=\"opener\">Nous sommes l\u00e0 pour r\u00e9pondre \u00e0 toutes vos questions concernant le symposium ou l\u2019\u00e9tat du logement des femmes. Remplissez le formulaire ci-dessous et un membre de notre \u00e9quipe communiquera avec vous dans les plus brefs d\u00e9lais.<\/p>\n\n\n            <\/div>\n        <\/div>\n    <\/div>\n<div class=\"wp-bootstrap-blocks-row row mdmargin\">\n\t\n\n<div class=\"col-12 col-lg-6 data-aos_fade-up aos-animate\">\n\t\t\t\n<div class=\"wpforms-container wpforms-block\" id=\"wpforms-74\"><form id=\"wpforms-form-74\" class=\"wpforms-validate wpforms-form wpforms-ajax-form\" data-formid=\"74\" method=\"post\" enctype=\"multipart\/form-data\" action=\"\/fr\/wp-json\/wp\/v2\/pages\/16918\" data-token=\"0c333a7da277bb59eb9dddf4178f4a94\" data-token-time=\"1776513884\"><noscript class=\"wpforms-error-noscript\">Veuillez activer JavaScript dans votre navigateur pour remplir ce formulaire.<\/noscript><div class=\"wpforms-field-container\"><div id=\"wpforms-74-field_0-container\" class=\"wpforms-field wpforms-field-name form-group\" data-field-id=\"0\"><label class=\"wpforms-field-label\">Name <span class=\"wpforms-required-label\">*<\/span><\/label><div class=\"wpforms-field-row wpforms-field-large\"><div class=\"wpforms-field-row-block wpforms-first wpforms-one-half\"><input type=\"text\" id=\"wpforms-74-field_0\" class=\"wpforms-field-name-first wpforms-field-required\" name=\"wpforms[fields][0][first]\" required><label for=\"wpforms-74-field_0\" class=\"wpforms-field-sublabel after\">Pr\u00e9nom<\/label><\/div><div class=\"wpforms-field-row-block wpforms-one-half\"><input type=\"text\" id=\"wpforms-74-field_0-last\" class=\"wpforms-field-name-last wpforms-field-required\" name=\"wpforms[fields][0][last]\" required><label for=\"wpforms-74-field_0-last\" class=\"wpforms-field-sublabel after\">Nom<\/label><\/div><\/div><\/div><div id=\"wpforms-74-field_1-container\" class=\"wpforms-field wpforms-field-email\" data-field-id=\"1\"><label class=\"wpforms-field-label\" for=\"wpforms-74-field_1\">Email <span class=\"wpforms-required-label\">*<\/span><\/label><input type=\"email\" id=\"wpforms-74-field_1\" class=\"wpforms-field-large wpforms-field-required\" name=\"wpforms[fields][1]\" spellcheck=\"false\" required><\/div><div id=\"wpforms-74-field_2-container\" class=\"wpforms-field wpforms-field-textarea\" data-field-id=\"2\"><label class=\"wpforms-field-label\" for=\"wpforms-74-field_2\">Message <span class=\"wpforms-required-label\">*<\/span><\/label><textarea id=\"wpforms-74-field_2\" class=\"wpforms-field-medium wpforms-field-required\" name=\"wpforms[fields][2]\" required><\/textarea><\/div><\/div><!-- .wpforms-field-container --><div class=\"wpforms-field wpforms-field-hp\"><label for=\"wpforms-74-field-hp\" class=\"wpforms-field-label\">Comment<\/label><input type=\"text\" name=\"wpforms[hp]\" id=\"wpforms-74-field-hp\" class=\"wpforms-field-medium\"><\/div><div class=\"wpforms-recaptcha-container wpforms-is-recaptcha wpforms-is-recaptcha-type-invisible\" ><div class=\"g-recaptcha\" data-sitekey=\"6Ldh5lQrAAAAADjekcYXOpdZywSgqKKpoUZKpP13\" data-size=\"invisible\"><\/div><\/div><div class=\"wpforms-submit-container\" ><input type=\"hidden\" name=\"wpforms[id]\" value=\"74\"><input type=\"hidden\" name=\"page_title\" value=\"\"><input type=\"hidden\" name=\"page_url\" value=\"https:\/\/pcvwh.ca\/fr\/wp-json\/wp\/v2\/pages\/16918\"><input type=\"hidden\" name=\"url_referer\" value=\"\"><button type=\"submit\" name=\"wpforms[submit]\" id=\"wpforms-submit-74\" class=\"wpforms-submit\" data-alt-text=\"Sending...\" data-submit-text=\"Send\" aria-live=\"assertive\" value=\"wpforms-submit\">Send<\/button><img loading=\"lazy\" decoding=\"async\" src=\"https:\/\/pcvwh.ca\/wp-content\/plugins\/wpforms\/assets\/images\/submit-spin.svg\" class=\"wpforms-submit-spinner\" style=\"display: none;\" width=\"26\" height=\"26\" alt=\"Chargement en cours\"><\/div><\/form><\/div>  <!-- .wpforms-container -->\n\t<\/div>\n\n\n\n<div class=\"col-12 col-lg-6 data-aos_fade-up aos-animate data-aos-delay_250\">\n\t\t\t\n\n<div style=\"height:32px\" aria-hidden=\"true\" class=\"wp-block-spacer\"><\/div>\n\n\n\n<h3 class=\"wp-block-heading\">Pour des demandes particuli\u00e8res, vous pouvez \u00e9galement communiquer directement avec un membre de notre \u00e9quipe de sensibilisation.<\/h3>\n\n\n\n<p><br\/>Coordinateur de projet<br\/><a href=\"mailto:symposium@atira.bc.ca\">symposium@atira.bc.ca<\/a><\/p>\n\n\n\n<p><br\/>Coordinateur du contenu en ligne<br\/><a href=\"mailto:monique_leslie@atira.bc.ca\">sierra_conville@atira.bc.ca<\/a><\/p>\n\n\t<\/div>\n\n<\/div>\n","protected":false},"excerpt":{"rendered":"<p>Nous sommes l\u00e0 pour r\u00e9pondre \u00e0 toutes vos questions concernant le symposium ou l\u2019\u00e9tat du logement des femmes. Remplissez le formulaire ci-dessous et un membre de notre \u00e9quipe communiquera avec vous dans les plus brefs d\u00e9lais. Coordinateur de projetsymposium@atira.bc.ca Coordinateur du contenu en lignesierra_conville@atira.bc.ca<\/p>\n","protected":false},"author":12,"featured_media":0,"parent":0,"menu_order":0,"comment_status":"closed","ping_status":"closed","template":"","meta":{"_acf_changed":false,"footnotes":""},"class_list":["post-16918","page","type-page","status-publish","hentry"],"acf":[],"_links":{"self":[{"href":"https:\/\/pcvwh.ca\/fr\/wp-json\/wp\/v2\/pages\/16918","targetHints":{"allow":["GET"]}}],"collection":[{"href":"https:\/\/pcvwh.ca\/fr\/wp-json\/wp\/v2\/pages"}],"about":[{"href":"https:\/\/pcvwh.ca\/fr\/wp-json\/wp\/v2\/types\/page"}],"author":[{"embeddable":true,"href":"https:\/\/pcvwh.ca\/fr\/wp-json\/wp\/v2\/users\/12"}],"replies":[{"embeddable":true,"href":"https:\/\/pcvwh.ca\/fr\/wp-json\/wp\/v2\/comments?post=16918"}],"version-history":[{"count":1,"href":"https:\/\/pcvwh.ca\/fr\/wp-json\/wp\/v2\/pages\/16918\/revisions"}],"predecessor-version":[{"id":16919,"href":"https:\/\/pcvwh.ca\/fr\/wp-json\/wp\/v2\/pages\/16918\/revisions\/16919"}],"wp:attachment":[{"href":"https:\/\/pcvwh.ca\/fr\/wp-json\/wp\/v2\/media?parent=16918"}],"curies":[{"name":"wp","href":"https:\/\/api.w.org\/{rel}","templated":true}]}}