{"id":16916,"date":"2022-03-14T15:51:12","date_gmt":"2022-03-14T22:51:12","guid":{"rendered":"https:\/\/pcvwh.ca\/balado\/"},"modified":"2022-09-21T14:46:14","modified_gmt":"2022-09-21T21:46:14","slug":"balado","status":"publish","type":"page","link":"https:\/\/pcvwh.ca\/fr\/balado\/","title":{"rendered":"Balado"},"content":{"rendered":"<div class=\"media-text-section break-out  img-align-left img-outside-container lgpadding has-white-background-color\">\n            <div class=\"media-text-section-row row justify-center\">\n            <div class=\"media-col col-12 col-lg-6\">\n                <img decoding=\"async\" src=\"https:\/\/pcvwh.ca\/wp-content\/uploads\/AdobeStock_376470709-copy.jpg\" alt=\"\">\n            <\/div>\n            <div class=\"text-col col-12 col-lg-6\" data-aos=\"fade-left\" >\n                \n\n<h1 class=\"h2 has-purple-color has-text-color wp-block-heading\">\u00c9coutez des femmes parler de leurs exp\u00e9riences en mati\u00e8re de logement<\/h1>\n\n\n\n<p class=\"h5 has-blacktint-color has-text-color\" class=\"opener\">Nous lancerons un balado qui rassemblera des t\u00e9moignages et des exp\u00e9riences des femmes en mati\u00e8re de logement au Canada. Nous aurons des conversations dynamiques et sans crainte sur les d\u00e9fis du logement \u00e0 travers un prisme f\u00e9ministe et intersectionnel.<\/p>\n\n\n\n<p class=\"has-blacktint-color has-text-color\">Gr\u00e2ce \u00e0 ces conversations, nous sommes fid\u00e8les \u00e0 nous-m\u00eames et nous respectons nos r\u00e9alit\u00e9s.<\/p>\n\n\n\n<p class=\"has-blacktint-color has-text-color\">Il existe une communaut\u00e9 dans notre qu\u00eate de justice, et il est possible de gu\u00e9rir gr\u00e2ce au pouvoir des conversations. Nous esp\u00e9rons que toutes les femmes le ressentent lorsqu\u2019elles \u00e9coutent les autres parler. <\/p>\n\n\n\n<p class=\"has-blacktint-color has-text-color\">Restez \u00e0 l\u2019\u00e9coute pour conna\u00eetre la date de notre lancement. <\/p>\n\n\n\n\n\n\n            <\/div>\n        <\/div>\n    <\/div>\n\n<div class=\"wp-block-group xlmargin\"><div class=\"wp-block-group__inner-container is-layout-flow wp-block-group-is-layout-flow\">\n<h2 class=\"has-text-align-center max900 data-aos_fade-up aos-animate wp-block-heading\">Nous trouver au moment du lancement sur<\/h2>\n\n\n\n<div class=\"wp-block-buttons data-aos_fade-up aos-animate is-horizontal is-content-justification-center is-layout-flex wp-container-core-buttons-is-layout-499968f5 wp-block-buttons-is-layout-flex\">\n<div class=\"wp-block-button is-style-outline is-style-outline--1\"><a class=\"wp-block-button__link has-green-color has-text-color\" href=\"https:\/\/www.apple.com\/ca\/apple-podcasts\/\" target=\"_blank\" rel=\"noreferrer noopener\">Apple<\/a><\/div>\n\n\n\n<div class=\"wp-block-button is-style-outline is-style-outline--2\"><a class=\"wp-block-button__link has-purple-color has-text-color\" href=\"https:\/\/open.spotify.com\/genre\/podcasts-page\" target=\"_blank\" rel=\"noreferrer noopener\">Spotify<\/a><\/div>\n\n\n\n<div class=\"wp-block-button is-style-outline is-style-outline--3\"><a class=\"wp-block-button__link has-red-color has-text-color\" href=\"https:\/\/podcasts.google.com\/\" target=\"_blank\" rel=\"noreferrer noopener\">GooglePlay<\/a><\/div>\n\n\n\n<div class=\"wp-block-button is-style-outline is-style-outline--4\"><a class=\"wp-block-button__link has-yellow-color has-text-color\" href=\"https:\/\/www.stitcher.com\/\" target=\"_blank\" rel=\"noreferrer noopener\">Stitcher<\/a><\/div>\n<\/div>\n<\/div><\/div>\n\n\n","protected":false},"excerpt":{"rendered":"<p>Nous lancerons un balado qui rassemblera des t\u00e9moignages et des exp\u00e9riences des femmes en mati\u00e8re de logement au Canada. Nous aurons des conversations dynamiques et sans crainte sur les d\u00e9fis du logement \u00e0 travers un prisme f\u00e9ministe et intersectionnel. Gr\u00e2ce \u00e0 ces conversations, nous sommes fid\u00e8les \u00e0 nous-m\u00eames et nous respectons nos r\u00e9alit\u00e9s. Il existe&hellip;<\/p>\n","protected":false},"author":12,"featured_media":0,"parent":0,"menu_order":0,"comment_status":"closed","ping_status":"closed","template":"","meta":{"_acf_changed":false,"footnotes":""},"class_list":["post-16916","page","type-page","status-publish","hentry"],"acf":[],"_links":{"self":[{"href":"https:\/\/pcvwh.ca\/fr\/wp-json\/wp\/v2\/pages\/16916","targetHints":{"allow":["GET"]}}],"collection":[{"href":"https:\/\/pcvwh.ca\/fr\/wp-json\/wp\/v2\/pages"}],"about":[{"href":"https:\/\/pcvwh.ca\/fr\/wp-json\/wp\/v2\/types\/page"}],"author":[{"embeddable":true,"href":"https:\/\/pcvwh.ca\/fr\/wp-json\/wp\/v2\/users\/12"}],"replies":[{"embeddable":true,"href":"https:\/\/pcvwh.ca\/fr\/wp-json\/wp\/v2\/comments?post=16916"}],"version-history":[{"count":1,"href":"https:\/\/pcvwh.ca\/fr\/wp-json\/wp\/v2\/pages\/16916\/revisions"}],"predecessor-version":[{"id":16917,"href":"https:\/\/pcvwh.ca\/fr\/wp-json\/wp\/v2\/pages\/16916\/revisions\/16917"}],"wp:attachment":[{"href":"https:\/\/pcvwh.ca\/fr\/wp-json\/wp\/v2\/media?parent=16916"}],"curies":[{"name":"wp","href":"https:\/\/api.w.org\/{rel}","templated":true}]}}