{"id":16906,"date":"2022-03-14T14:58:12","date_gmt":"2022-03-14T21:58:12","guid":{"rendered":"https:\/\/pcvwh.ca\/emploi\/"},"modified":"2022-09-21T14:35:41","modified_gmt":"2022-09-21T21:35:41","slug":"emploi","status":"publish","type":"page","link":"https:\/\/pcvwh.ca\/fr\/emploi\/","title":{"rendered":"Emploi"},"content":{"rendered":"<div class=\"media-text-section break-out  img-align-left img-outside-container lgpadding has-white-background-color\">\n            <div class=\"media-text-section-row row justify-center\">\n            <div class=\"media-col col-12 col-lg-6\">\n                <img decoding=\"async\" src=\"https:\/\/pcvwh.ca\/wp-content\/uploads\/AdobeStock_340525782-copy.jpg\" alt=\"\">\n            <\/div>\n            <div class=\"text-col col-12 col-lg-6\" data-aos=\"fade-left\" >\n                \n\n<h1 class=\"h2 has-purple-color has-text-color wp-block-heading\">Travailler avec nous<\/h1>\n\n\n\n<p class=\"h5 has-blacktint-color has-text-color\" class=\"opener\">Nous sommes toujours \u00e0 la recherche de femmes qui partagent notre passion et notre engagement pour un logement s\u00fbr et durable. Nous publierons les possibilit\u00e9s d\u2019emploi et de b\u00e9n\u00e9volat d\u00e8s qu\u2019elles seront disponibles.<\/p>\n\n\n            <\/div>\n        <\/div>\n    <\/div>\n\n\n","protected":false},"excerpt":{"rendered":"<p>Nous sommes toujours \u00e0 la recherche de femmes qui partagent notre passion et notre engagement pour un logement s\u00fbr et durable. Nous publierons les possibilit\u00e9s d\u2019emploi et de b\u00e9n\u00e9volat d\u00e8s qu\u2019elles seront disponibles.<\/p>\n","protected":false},"author":12,"featured_media":16804,"parent":0,"menu_order":0,"comment_status":"closed","ping_status":"closed","template":"","meta":{"_acf_changed":false,"footnotes":""},"class_list":["post-16906","page","type-page","status-publish","has-post-thumbnail","hentry"],"acf":[],"_links":{"self":[{"href":"https:\/\/pcvwh.ca\/fr\/wp-json\/wp\/v2\/pages\/16906","targetHints":{"allow":["GET"]}}],"collection":[{"href":"https:\/\/pcvwh.ca\/fr\/wp-json\/wp\/v2\/pages"}],"about":[{"href":"https:\/\/pcvwh.ca\/fr\/wp-json\/wp\/v2\/types\/page"}],"author":[{"embeddable":true,"href":"https:\/\/pcvwh.ca\/fr\/wp-json\/wp\/v2\/users\/12"}],"replies":[{"embeddable":true,"href":"https:\/\/pcvwh.ca\/fr\/wp-json\/wp\/v2\/comments?post=16906"}],"version-history":[{"count":5,"href":"https:\/\/pcvwh.ca\/fr\/wp-json\/wp\/v2\/pages\/16906\/revisions"}],"predecessor-version":[{"id":16915,"href":"https:\/\/pcvwh.ca\/fr\/wp-json\/wp\/v2\/pages\/16906\/revisions\/16915"}],"wp:featuredmedia":[{"embeddable":true,"href":"https:\/\/pcvwh.ca\/fr\/wp-json\/wp\/v2\/media\/16804"}],"wp:attachment":[{"href":"https:\/\/pcvwh.ca\/fr\/wp-json\/wp\/v2\/media?parent=16906"}],"curies":[{"name":"wp","href":"https:\/\/api.w.org\/{rel}","templated":true}]}}