{"id":16904,"date":"2022-03-14T13:22:04","date_gmt":"2022-03-14T20:22:04","guid":{"rendered":"https:\/\/pcvwh.ca\/symposium-faq\/"},"modified":"2023-01-23T15:31:26","modified_gmt":"2023-01-23T23:31:26","slug":"symposium-faq","status":"publish","type":"page","link":"https:\/\/pcvwh.ca\/fr\/symposium-faq\/","title":{"rendered":"Symposium FAQ"},"content":{"rendered":"\n<div class=\"wp-block-group lgpadding max900\"><div class=\"wp-block-group__inner-container is-layout-flow wp-block-group-is-layout-flow\">\n<h1 class=\"has-text-align-center data-aos_fade-up aos-animate has-purple-color has-text-color wp-block-heading\">Consultez nos questions fr\u00e9quemment pos\u00e9es<\/h1>\n\n\n\n<div style=\"height:25px\" aria-hidden=\"true\" class=\"wp-block-spacer\"><\/div>\n\n\n\n<div class=\"wp-block-group\"><div class=\"wp-block-group__inner-container is-layout-flow wp-block-group-is-layout-flow\">\n\n\n    \n        <div class=\"faq-wrap\" itemscope itemtype=\"https:\/\/schema.org\/FAQPage\">\n\n            <div class=\"accordion\" data-aos=\"fade-up\">\n\n                \n                    <div class=\"accordion-item\" itemscope itemprop=\"mainEntity\" itemtype=\"https:\/\/schema.org\/Question\">\n                        <h3 itemprop=\"name\">Qui peut participer au symposium?<\/h3>\n\n                        <div class=\"content\" itemscope itemprop=\"acceptedAnswer\" itemtype=\"https:\/\/schema.org\/Answer\">\n                            <span itemprop=\"text\">\n                                <p class=\"opener\" class=\"opener\">Le symposium s\u2019adresse \u00e0 toutes les personnes qui s\u2019identifient comme femmes, y compris les femmes cis, les femmes trans, bispirituelles et les transf\u00e9minines.<\/p>\n                            <\/span>\n                        <\/div>\n                    <\/div>\n\n                \n                    <div class=\"accordion-item\" itemscope itemprop=\"mainEntity\" itemtype=\"https:\/\/schema.org\/Question\">\n                        <h3 itemprop=\"name\">Le site Web a-t-il des traductions en fran\u00e7ais?<\/h3>\n\n                        <div class=\"content\" itemscope itemprop=\"acceptedAnswer\" itemtype=\"https:\/\/schema.org\/Answer\">\n                            <span itemprop=\"text\">\n                                <p class=\"opener\"><span class=\"TextRun SCXW161531970 BCX0\" lang=\"EN-US\" data-contrast=\"none\" xml:lang=\"EN-US\"><span class=\"NormalTextRun SCXW161531970 BCX0\">Nous nous sommes efforc\u00e9s de proposer des traductions fran\u00e7aises sur notre site Web. Les traductions fran\u00e7aises seront mises \u00e0 jour p\u00e9riodiquement et peuvent ne pas enti\u00e8rement correspondre au contenu affich\u00e9 en anglais. <\/span><\/span><span class=\"EOP SCXW161531970 BCX0\" data-ccp-props=\"{\"134233118\":true,\"201341983\":0,\"335559739\":160,\"335559740\":240}\"> <\/span><\/p>\n                            <\/span>\n                        <\/div>\n                    <\/div>\n\n                \n                    <div class=\"accordion-item\" itemscope itemprop=\"mainEntity\" itemtype=\"https:\/\/schema.org\/Question\">\n                        <h3 itemprop=\"name\">L\u2019\u00e9v\u00e9nement est-il gratuit?<\/h3>\n\n                        <div class=\"content\" itemscope itemprop=\"acceptedAnswer\" itemtype=\"https:\/\/schema.org\/Answer\">\n                            <span itemprop=\"text\">\n                                <p class=\"opener\">Oui, le symposium pancanadien Parlons femmes et logement est gratuit. Les participantes doivent s\u2019inscrire Vous pouvez le faire <a href=\"https:\/\/pcvwh.ca\/fr\/symposium-inscription\/\">ici.<\/a><\/p>\n                            <\/span>\n                        <\/div>\n                    <\/div>\n\n                \n                    <div class=\"accordion-item\" itemscope itemprop=\"mainEntity\" itemtype=\"https:\/\/schema.org\/Question\">\n                        <h3 itemprop=\"name\">Les fonctionnaires peuvent-ils y participer?<\/h3>\n\n                        <div class=\"content\" itemscope itemprop=\"acceptedAnswer\" itemtype=\"https:\/\/schema.org\/Answer\">\n                            <span itemprop=\"text\">\n                                <p class=\"opener\">Oui, les fonctionnaires peuvent y participer \u00e0 condition de s\u2019identifier comme femme, comme d\u00e9crit ci-dessus.<\/p>\n                            <\/span>\n                        <\/div>\n                    <\/div>\n\n                \n                    <div class=\"accordion-item\" itemscope itemprop=\"mainEntity\" itemtype=\"https:\/\/schema.org\/Question\">\n                        <h3 itemprop=\"name\">O\u00f9 puis-je trouver l\u2019ordre du jour?<\/h3>\n\n                        <div class=\"content\" itemscope itemprop=\"acceptedAnswer\" itemtype=\"https:\/\/schema.org\/Answer\">\n                            <span itemprop=\"text\">\n                                <p class=\"opener\">Le programme de notre symposium sera publi\u00e9 dans les semaines \u00e0 venir. Revenez <a href=\"https:\/\/pcvwh.ca\/fr\/symposium-ordre-du-jour\/\">ici<\/a> pour voir les mises \u00e0 jour.<\/p>\n                            <\/span>\n                        <\/div>\n                    <\/div>\n\n                \n                    <div class=\"accordion-item\" itemscope itemprop=\"mainEntity\" itemtype=\"https:\/\/schema.org\/Question\">\n                        <h3 itemprop=\"name\">Quand le symposium aura-t-il lieu?<\/h3>\n\n                        <div class=\"content\" itemscope itemprop=\"acceptedAnswer\" itemtype=\"https:\/\/schema.org\/Answer\">\n                            <span itemprop=\"text\">\n                                <p class=\"opener\">Les 13, 14, 17 18 et 25 octobre<\/p>\n                            <\/span>\n                        <\/div>\n                    <\/div>\n\n                \n                    <div class=\"accordion-item\" itemscope itemprop=\"mainEntity\" itemtype=\"https:\/\/schema.org\/Question\">\n                        <h3 itemprop=\"name\">O\u00f9 le symposium aura-t-il lieu?<\/h3>\n\n                        <div class=\"content\" itemscope itemprop=\"acceptedAnswer\" itemtype=\"https:\/\/schema.org\/Answer\">\n                            <span itemprop=\"text\">\n                                <p class=\"opener\">En ligne sur Zoom.<\/p>\n                            <\/span>\n                        <\/div>\n                    <\/div>\n\n                \n                    <div class=\"accordion-item\" itemscope itemprop=\"mainEntity\" itemtype=\"https:\/\/schema.org\/Question\">\n                        <h3 itemprop=\"name\">Comment puis-je m\u2019inscrire au symposium?<\/h3>\n\n                        <div class=\"content\" itemscope itemprop=\"acceptedAnswer\" itemtype=\"https:\/\/schema.org\/Answer\">\n                            <span itemprop=\"text\">\n                                <p class=\"opener\">Vous pouvez vous inscrire sur notre <a href=\"https:\/\/pcvwh.ca\/fr\/symposium-inscription\/\">page d\u2019inscription.<\/a> Inscrivez-vous sur notre liste d\u2019envoi pour \u00eatre s\u00fbr de ne manquer aucune date importante.<\/p>\n                            <\/span>\n                        <\/div>\n                    <\/div>\n\n                \n            <\/div>\n\n        <\/div>\n\n    \n\n\n    \n    \n<\/div><\/div>\n<\/div><\/div>\n","protected":false},"excerpt":{"rendered":"<p>Consultez nos questions fr\u00e9quemment pos\u00e9es<\/p>\n","protected":false},"author":12,"featured_media":0,"parent":0,"menu_order":0,"comment_status":"closed","ping_status":"closed","template":"","meta":{"_acf_changed":false,"footnotes":""},"class_list":["post-16904","page","type-page","status-publish","hentry"],"acf":[],"_links":{"self":[{"href":"https:\/\/pcvwh.ca\/fr\/wp-json\/wp\/v2\/pages\/16904","targetHints":{"allow":["GET"]}}],"collection":[{"href":"https:\/\/pcvwh.ca\/fr\/wp-json\/wp\/v2\/pages"}],"about":[{"href":"https:\/\/pcvwh.ca\/fr\/wp-json\/wp\/v2\/types\/page"}],"author":[{"embeddable":true,"href":"https:\/\/pcvwh.ca\/fr\/wp-json\/wp\/v2\/users\/12"}],"replies":[{"embeddable":true,"href":"https:\/\/pcvwh.ca\/fr\/wp-json\/wp\/v2\/comments?post=16904"}],"version-history":[{"count":4,"href":"https:\/\/pcvwh.ca\/fr\/wp-json\/wp\/v2\/pages\/16904\/revisions"}],"predecessor-version":[{"id":17104,"href":"https:\/\/pcvwh.ca\/fr\/wp-json\/wp\/v2\/pages\/16904\/revisions\/17104"}],"wp:attachment":[{"href":"https:\/\/pcvwh.ca\/fr\/wp-json\/wp\/v2\/media?parent=16904"}],"curies":[{"name":"wp","href":"https:\/\/api.w.org\/{rel}","templated":true}]}}