{"id":16902,"date":"2022-03-14T11:30:29","date_gmt":"2022-03-14T18:30:29","guid":{"rendered":"https:\/\/pcvwh.ca\/symposium-rapports\/"},"modified":"2022-09-21T14:12:28","modified_gmt":"2022-09-21T21:12:28","slug":"symposium-rapports","status":"publish","type":"page","link":"https:\/\/pcvwh.ca\/fr\/symposium-rapports\/","title":{"rendered":"Symposium Rapports"},"content":{"rendered":"<div class=\"media-text-section break-out  img-align-left img-outside-container lgpadding has-white-background-color\">\n            <div class=\"media-text-section-row row justify-center\">\n            <div class=\"media-col col-12 col-lg-6\">\n                <img decoding=\"async\" src=\"https:\/\/pcvwh.ca\/wp-content\/uploads\/symposium-board.jpg\" alt=\"\">\n            <\/div>\n            <div class=\"text-col col-12 col-lg-6\" data-aos=\"fade-left\" >\n                \n\n<h1 class=\"h2 has-purple-color has-text-color wp-block-heading\">Jetez un coup d\u2019\u0153il \u00e0 nos anciens symposiums<\/h1>\n\n\n\n<p class=\"h5 has-blacktint-color has-text-color\" class=\"opener\">Pour en savoir plus sur ce qui s\u2019est pass\u00e9 lors des symposiums pr\u00e9c\u00e9dents, veuillez consulter les rapports des ann\u00e9es pr\u00e9c\u00e9dentes. Vous y trouverez tous les actes de proc\u00e9dure ainsi que les transcriptions des discussions prolifiques qui ont eu lieu entre les femmes qui y ont particip\u00e9.<\/p>\n\n\n            <\/div>\n        <\/div>\n    <\/div>\n","protected":false},"excerpt":{"rendered":"<p>Pour en savoir plus sur ce qui s\u2019est pass\u00e9 lors des symposiums pr\u00e9c\u00e9dents, veuillez consulter les rapports des ann\u00e9es pr\u00e9c\u00e9dentes. Vous y trouverez tous les actes de proc\u00e9dure ainsi que les transcriptions des discussions prolifiques qui ont eu lieu entre les femmes qui y ont particip\u00e9.<\/p>\n","protected":false},"author":12,"featured_media":16812,"parent":0,"menu_order":0,"comment_status":"closed","ping_status":"closed","template":"symposium-reports.php","meta":{"_acf_changed":false,"footnotes":""},"class_list":["post-16902","page","type-page","status-publish","has-post-thumbnail","hentry"],"acf":[],"_links":{"self":[{"href":"https:\/\/pcvwh.ca\/fr\/wp-json\/wp\/v2\/pages\/16902","targetHints":{"allow":["GET"]}}],"collection":[{"href":"https:\/\/pcvwh.ca\/fr\/wp-json\/wp\/v2\/pages"}],"about":[{"href":"https:\/\/pcvwh.ca\/fr\/wp-json\/wp\/v2\/types\/page"}],"author":[{"embeddable":true,"href":"https:\/\/pcvwh.ca\/fr\/wp-json\/wp\/v2\/users\/12"}],"replies":[{"embeddable":true,"href":"https:\/\/pcvwh.ca\/fr\/wp-json\/wp\/v2\/comments?post=16902"}],"version-history":[{"count":1,"href":"https:\/\/pcvwh.ca\/fr\/wp-json\/wp\/v2\/pages\/16902\/revisions"}],"predecessor-version":[{"id":16903,"href":"https:\/\/pcvwh.ca\/fr\/wp-json\/wp\/v2\/pages\/16902\/revisions\/16903"}],"wp:featuredmedia":[{"embeddable":true,"href":"https:\/\/pcvwh.ca\/fr\/wp-json\/wp\/v2\/media\/16812"}],"wp:attachment":[{"href":"https:\/\/pcvwh.ca\/fr\/wp-json\/wp\/v2\/media?parent=16902"}],"curies":[{"name":"wp","href":"https:\/\/api.w.org\/{rel}","templated":true}]}}