{"id":16898,"date":"2022-03-10T11:49:33","date_gmt":"2022-03-10T19:49:33","guid":{"rendered":"https:\/\/pcvwh.ca\/symposium\/"},"modified":"2022-09-21T13:59:09","modified_gmt":"2022-09-21T20:59:09","slug":"symposium","status":"publish","type":"page","link":"https:\/\/pcvwh.ca\/fr\/symposium\/","title":{"rendered":"Symposium"},"content":{"rendered":"<div class=\"media-text-section break-out  img-align-left img-outside-container lgpadding has-white-background-color\">\n            <div class=\"media-text-section-row row justify-center\">\n            <div class=\"media-col col-12 col-lg-6\">\n                <img decoding=\"async\" src=\"https:\/\/pcvwh.ca\/wp-content\/uploads\/cover-copy.jpg\" alt=\"\">\n            <\/div>\n            <div class=\"text-col col-12 col-lg-6\" data-aos=\"fade-left\" >\n                \n\n<h1 class=\"h2 has-purple-color has-text-color wp-block-heading\">Notre symposium 2022 approche<\/h1>\n\n\n\n<div id=\"countdown\" datetime=\"13 octobre 2022 9:00:00 PDT\">\n    <div id=\"days\" class=\"countdown-num\" data-aos=\"fade-up\" data-aos-delay=\"1000\">00 <div>Days<\/div><\/div>\n    <div id=\"days-sep\" class=\"countdown-sep\" data-aos=\"fade\" data-aos-delay=\"1300\">:<\/div>\n    <div id=\"hours\" class=\"countdown-num\" data-aos=\"fade-up\" data-aos-delay=\"1900\">00 <div>Hours<\/div><\/div>\n    <div id=\"hours-sep\" class=\"countdown-sep\" data-aos=\"fade\" data-aos-delay=\"2200\">:<\/div>\n    <div id=\"minutes\" class=\"countdown-num\" data-aos=\"fade-up\" data-aos-delay=\"2800\">00 <div>Minutes<\/div><\/div>\n    <!-- <div class=\"countdown-sep\">:<\/div> -->\n    <!-- <div id=\"seconds\" class=\"countdown-num\"><\/div> -->\n<\/div>\n\n\n\n\n\n\n\n\n<div style=\"height:147px\" aria-hidden=\"true\" class=\"wp-block-spacer\"><\/div>\n\n\n\n\n\n\n\n\n\n\n\n<p class=\"has-text-align-left\" class=\"opener\"><mark style=\"background-color:rgba(0, 0, 0, 0)\" class=\"has-inline-color has-purple-color\"><strong>Symposium:<\/strong>13, 14, 17, 18 et 25 octobre.<\/mark><\/p>\n\n\n            <\/div>\n        <\/div>\n    <\/div>\n\n<div class=\"wp-block-group lgpadding break-out has-purpletint-background-color has-background\"><div class=\"wp-block-group__inner-container is-layout-flow wp-block-group-is-layout-flow\">\n<div class=\"wp-block-group container\"><div class=\"wp-block-group__inner-container is-layout-flow wp-block-group-is-layout-flow\">\n<div class=\"wp-block-group max900\"><div class=\"wp-block-group__inner-container is-layout-flow wp-block-group-is-layout-flow\">\n<h2 class=\"has-text-align-center data-aos_fade-up aos-animate has-purple-color has-text-color wp-block-heading\">Pourquoi vous voudrez y participer<\/h2>\n\n\n\n<p class=\"has-text-align-center data-aos_fade-up aos-animate h5\">Parlons femmes et logement est un projet de l\u2019Atira Women\u2019s Resource Society, dont la mission est de fournir des logements accessibles et abordables aux femmes et aux enfants. Nos ressources sont \u00e0 la disposition de toutes les femmes qui s\u2019identifient comme telles et qui sont victimes de violence sexiste et de misogynie ou de transmisogynie.<\/p>\n\n\n\n<h3 class=\"has-text-align-center data-aos_fade-up aos-animate has-purple-color has-text-color wp-block-heading\">D\u00e9couvrez ce que notre symposium a \u00e0 offrir<\/h3>\n<\/div><\/div>\n\n\n<div class=\"wp-bootstrap-blocks-row row\">\n\t\n\n<div class=\"col-12 col-md-6\">\n\t\t\t\n\n    <div class=\"columned-title-section\">\n                                <div class=\"columned-title-row\">\n                                <div class=\"columned-title\" data-aos=\"fade\">\n                    <h3>Tisser des liens<\/h3>\n                <\/div>\n                <div class=\"columned-text\" data-aos=\"fade-left\" data-aos-delay=\"250\">\n                    <p>Rencontrer un groupe diversifi\u00e9 de femmes partageant les m\u00eames id\u00e9es, unies par notre vision commune d\u2019am\u00e9liorer le logement des femmes dans tout le Canada.<\/p>\n                <\/div>\n            <\/div>\n                                <div class=\"columned-title-row\">\n                                <div class=\"columned-title\" data-aos=\"fade\">\n                    <h3>S\u2019exprimer<\/h3>\n                <\/div>\n                <div class=\"columned-text\" data-aos=\"fade-left\" data-aos-delay=\"250\">\n                    <p>Faire part de ses exp\u00e9riences, de ses opinions et de ses r\u00e9flexions sur le logement des femmes, et formuler des recommandations pour modifier les politiques.<\/p>\n                <\/div>\n            <\/div>\n                                <div class=\"columned-title-row\">\n                                <div class=\"columned-title\" data-aos=\"fade\">\n                    <h3>Contribuer<\/h3>\n                <\/div>\n                <div class=\"columned-text\" data-aos=\"fade-left\" data-aos-delay=\"250\">\n                    <p>Participer \u00e0 des conversations de groupe pour approfondir davantage nos six appels \u00e0 l\u2019action.<\/p>\n                <\/div>\n            <\/div>\n            <\/div>\n\n\t<\/div>\n\n\n\n<div class=\"col-12 col-md-6\">\n\t\t\t\n\n    <div class=\"columned-title-section\">\n                                <div class=\"columned-title-row\">\n                                <div class=\"columned-title\" data-aos=\"fade\">\n                    <h3>Apprendre<\/h3>\n                <\/div>\n                <div class=\"columned-text\" data-aos=\"fade-left\" data-aos-delay=\"250\">\n                    <p>\u00c9couter les discours de diff\u00e9rentes intervenantes, dont des femmes ayant une exp\u00e9rience v\u00e9cue, des fournisseuses de services locaux, des travailleurs de soutien et des femmes repr\u00e9sentant des organisations nationales de logement.<\/p>\n                <\/div>\n            <\/div>\n                                <div class=\"columned-title-row\">\n                                <div class=\"columned-title\" data-aos=\"fade\">\n                    <h3>D\u00e9fendre des int\u00e9r\u00eats<\/h3>\n                <\/div>\n                <div class=\"columned-text\" data-aos=\"fade-left\" data-aos-delay=\"250\">\n                    <p>Pr\u00e9senter le projet au chef de la direction et \u00e0 l\u2019\u00e9quipe de direction de la SCHL ainsi qu\u2019\u00e0 d\u2019autres repr\u00e9sentants du gouvernement.<\/p>\n                <\/div>\n            <\/div>\n            <\/div>\n\n\t<\/div>\n\n<\/div>\n\n\n\n<div class=\"wp-block-buttons data-aos_fade-up aos-animate is-horizontal is-content-justification-center is-layout-flex wp-container-core-buttons-is-layout-499968f5 wp-block-buttons-is-layout-flex\">\n<div class=\"wp-block-button is-style-fill\"><a class=\"wp-block-button__link has-white-color has-green-background-color has-text-color has-background\" href=\"https:\/\/pcvwh.ca\/fr\/a-quoi-sattendre\/\">\u00c0 quoi s&#8217;attendre<\/a><\/div>\n<\/div>\n<\/div><\/div>\n<\/div><\/div>\n","protected":false},"excerpt":{"rendered":"<p>Symposium:13, 14, 17, 18 et 25 octobre. Parlons femmes et logement est un projet de l\u2019Atira Women\u2019s Resource Society, dont la mission est de fournir des logements accessibles et abordables aux femmes et aux enfants. Nos ressources sont \u00e0 la disposition de toutes les femmes qui s\u2019identifient comme telles et qui sont victimes de violence&hellip;<\/p>\n","protected":false},"author":12,"featured_media":16812,"parent":0,"menu_order":0,"comment_status":"closed","ping_status":"closed","template":"","meta":{"_acf_changed":false,"footnotes":""},"class_list":["post-16898","page","type-page","status-publish","has-post-thumbnail","hentry"],"acf":[],"_links":{"self":[{"href":"https:\/\/pcvwh.ca\/fr\/wp-json\/wp\/v2\/pages\/16898","targetHints":{"allow":["GET"]}}],"collection":[{"href":"https:\/\/pcvwh.ca\/fr\/wp-json\/wp\/v2\/pages"}],"about":[{"href":"https:\/\/pcvwh.ca\/fr\/wp-json\/wp\/v2\/types\/page"}],"author":[{"embeddable":true,"href":"https:\/\/pcvwh.ca\/fr\/wp-json\/wp\/v2\/users\/12"}],"replies":[{"embeddable":true,"href":"https:\/\/pcvwh.ca\/fr\/wp-json\/wp\/v2\/comments?post=16898"}],"version-history":[{"count":3,"href":"https:\/\/pcvwh.ca\/fr\/wp-json\/wp\/v2\/pages\/16898\/revisions"}],"predecessor-version":[{"id":16901,"href":"https:\/\/pcvwh.ca\/fr\/wp-json\/wp\/v2\/pages\/16898\/revisions\/16901"}],"wp:featuredmedia":[{"embeddable":true,"href":"https:\/\/pcvwh.ca\/fr\/wp-json\/wp\/v2\/media\/16812"}],"wp:attachment":[{"href":"https:\/\/pcvwh.ca\/fr\/wp-json\/wp\/v2\/media?parent=16898"}],"curies":[{"name":"wp","href":"https:\/\/api.w.org\/{rel}","templated":true}]}}